{"id":2784,"date":"2023-11-14T11:52:29","date_gmt":"2023-11-14T10:52:29","guid":{"rendered":"http:\/\/stampcurio.com\/?post_type=product&#038;p=2784"},"modified":"2025-12-05T04:13:22","modified_gmt":"2025-12-05T03:13:22","slug":"1954-magyarorszag-upu-valaszdijszelvennyel-bermentesitett-ajanlott-legiposta-level-az-usa-ba","status":"publish","type":"product","link":"https:\/\/stampcurio.com\/hu\/termek\/1954-magyarorszag-upu-valaszdijszelvennyel-bermentesitett-ajanlott-legiposta-level-az-usa-ba\/","title":{"rendered":"1954 Magyarorsz\u00e1g &#8211; UPU v\u00e1laszd\u00edjszelv\u00e9nnyel b\u00e9rmentes\u00edtett aj\u00e1nlott l\u00e9giposta lev\u00e9l az USA-ba"},"content":{"rendered":"","protected":false},"excerpt":{"rendered":"<p>Postatiszt fejljegyz\u00e9se \u00e9s szign\u00f3ja az el\u0151ldal bal oldal\u00e1n &#8220;V\u00e1laszd\u00edj szelv\u00e9nnyel b\u00e9rmentes\u00edtve&#8221;.<br \/>\nHi\u00e1nyz\u00f3 bal als\u00f3 sarok.<\/p>\n","protected":false},"featured_media":11174,"template":"","meta":[],"product_brand":[],"product_cat":[298,73],"product_tag":[1044,116,1008,115,89,1006,299],"class_list":{"0":"post-2784","1":"product","2":"type-product","3":"status-publish","4":"has-post-thumbnail","6":"product_cat-egyesult-allamok-1st","7":"product_cat-magyarorszag-1st","8":"product_tag-1st-auction-hu","9":"product_tag-belyeg","10":"product_tag-ebay","11":"product_tag-legiposta","12":"product_tag-postatortenet","13":"product_tag-unsold","14":"product_tag-valaszdijszelveny","15":"pa_catalog_id-297","17":"first","18":"instock","19":"sold-individually","20":"shipping-taxable","21":"product-type-simple"},"_links":{"self":[{"href":"https:\/\/stampcurio.com\/hu\/wp-json\/wp\/v2\/product\/2784","targetHints":{"allow":["GET"]}}],"collection":[{"href":"https:\/\/stampcurio.com\/hu\/wp-json\/wp\/v2\/product"}],"about":[{"href":"https:\/\/stampcurio.com\/hu\/wp-json\/wp\/v2\/types\/product"}],"wp:featuredmedia":[{"embeddable":true,"href":"https:\/\/stampcurio.com\/hu\/wp-json\/wp\/v2\/media\/11174"}],"wp:attachment":[{"href":"https:\/\/stampcurio.com\/hu\/wp-json\/wp\/v2\/media?parent=2784"}],"wp:term":[{"taxonomy":"product_brand","embeddable":true,"href":"https:\/\/stampcurio.com\/hu\/wp-json\/wp\/v2\/product_brand?post=2784"},{"taxonomy":"product_cat","embeddable":true,"href":"https:\/\/stampcurio.com\/hu\/wp-json\/wp\/v2\/product_cat?post=2784"},{"taxonomy":"product_tag","embeddable":true,"href":"https:\/\/stampcurio.com\/hu\/wp-json\/wp\/v2\/product_tag?post=2784"}],"curies":[{"name":"wp","href":"https:\/\/api.w.org\/{rel}","templated":true}]}}