{"id":27833,"date":"2025-11-24T16:32:57","date_gmt":"2025-11-24T15:32:57","guid":{"rendered":"https:\/\/stampcurio.com\/product\/1858-ausztria-5-kr-szent-miklos\/"},"modified":"2025-12-05T04:00:30","modified_gmt":"2025-12-05T03:00:30","slug":"1858-ausztria-magyarorszag-szep-szent-miklos-lebelyegzes-levelen","status":"publish","type":"product","link":"https:\/\/stampcurio.com\/hu\/termek\/1858-ausztria-magyarorszag-szep-szent-miklos-lebelyegzes-levelen\/","title":{"rendered":"1858 Ausztria &#8211; Magyarorsz\u00e1g &#8211; sz\u00e9p SZENT MIKL\u00d3S leb\u00e9lyegz\u00e9s lev\u00e9len"},"content":{"rendered":"","protected":false},"excerpt":{"rendered":"","protected":false},"featured_media":30780,"template":"","meta":[],"product_brand":[],"product_cat":[1178,1172],"product_tag":[1669,1041,89],"class_list":{"0":"post-27833","1":"product","2":"type-product","3":"status-publish","4":"has-post-thumbnail","6":"product_cat-ausztria","7":"product_cat-magyarorszag","8":"product_tag-3rd-auction","9":"product_tag-marcophily-hu","10":"product_tag-postatortenet","12":"first","13":"outofstock","14":"sold-individually","15":"shipping-taxable","16":"purchasable","17":"product-type-simple"},"_links":{"self":[{"href":"https:\/\/stampcurio.com\/hu\/wp-json\/wp\/v2\/product\/27833","targetHints":{"allow":["GET"]}}],"collection":[{"href":"https:\/\/stampcurio.com\/hu\/wp-json\/wp\/v2\/product"}],"about":[{"href":"https:\/\/stampcurio.com\/hu\/wp-json\/wp\/v2\/types\/product"}],"wp:featuredmedia":[{"embeddable":true,"href":"https:\/\/stampcurio.com\/hu\/wp-json\/wp\/v2\/media\/30780"}],"wp:attachment":[{"href":"https:\/\/stampcurio.com\/hu\/wp-json\/wp\/v2\/media?parent=27833"}],"wp:term":[{"taxonomy":"product_brand","embeddable":true,"href":"https:\/\/stampcurio.com\/hu\/wp-json\/wp\/v2\/product_brand?post=27833"},{"taxonomy":"product_cat","embeddable":true,"href":"https:\/\/stampcurio.com\/hu\/wp-json\/wp\/v2\/product_cat?post=27833"},{"taxonomy":"product_tag","embeddable":true,"href":"https:\/\/stampcurio.com\/hu\/wp-json\/wp\/v2\/product_tag?post=27833"}],"curies":[{"name":"wp","href":"https:\/\/api.w.org\/{rel}","templated":true}]}}