{"id":27832,"date":"2025-11-24T16:32:56","date_gmt":"2025-11-24T15:32:56","guid":{"rendered":"https:\/\/stampcurio.com\/product\/1858-ausztria-510-kr-alt-orsova-triest\/"},"modified":"2025-12-05T04:00:30","modified_gmt":"2025-12-05T03:00:30","slug":"1858-ausztria-magyarorszag-szep-ket-szinu-dijlerovas-elooldali-hajtasnyom-nelkuli-szep-minosegu-levelen-alt-orsova-belyegzessel","status":"publish","type":"product","link":"https:\/\/stampcurio.com\/hu\/termek\/1858-ausztria-magyarorszag-szep-ket-szinu-dijlerovas-elooldali-hajtasnyom-nelkuli-szep-minosegu-levelen-alt-orsova-belyegzessel\/","title":{"rendered":"1858 Ausztria &#8211; Magyarorsz\u00e1g &#8211; sz\u00e9p k\u00e9t sz\u00edn\u0171 d\u00edjlerov\u00e1s el\u0151oldali hajt\u00e1snyom n\u00e9lk\u00fcli sz\u00e9p min\u0151s\u00e9g\u0171 lev\u00e9len Alt-Orsova b\u00e9lyegz\u00e9ssel"},"content":{"rendered":"","protected":false},"excerpt":{"rendered":"","protected":false},"featured_media":36049,"template":"","meta":[],"product_brand":[],"product_cat":[1178,1172,1208],"product_tag":[1669,116,1041,89],"class_list":{"0":"post-27832","1":"product","2":"type-product","3":"status-publish","4":"has-post-thumbnail","6":"product_cat-ausztria","7":"product_cat-magyarorszag","8":"product_cat-romania","9":"product_tag-3rd-auction","10":"product_tag-belyeg","11":"product_tag-marcophily-hu","12":"product_tag-postatortenet","14":"first","15":"outofstock","16":"sold-individually","17":"shipping-taxable","18":"purchasable","19":"product-type-simple"},"_links":{"self":[{"href":"https:\/\/stampcurio.com\/hu\/wp-json\/wp\/v2\/product\/27832","targetHints":{"allow":["GET"]}}],"collection":[{"href":"https:\/\/stampcurio.com\/hu\/wp-json\/wp\/v2\/product"}],"about":[{"href":"https:\/\/stampcurio.com\/hu\/wp-json\/wp\/v2\/types\/product"}],"wp:featuredmedia":[{"embeddable":true,"href":"https:\/\/stampcurio.com\/hu\/wp-json\/wp\/v2\/media\/36049"}],"wp:attachment":[{"href":"https:\/\/stampcurio.com\/hu\/wp-json\/wp\/v2\/media?parent=27832"}],"wp:term":[{"taxonomy":"product_brand","embeddable":true,"href":"https:\/\/stampcurio.com\/hu\/wp-json\/wp\/v2\/product_brand?post=27832"},{"taxonomy":"product_cat","embeddable":true,"href":"https:\/\/stampcurio.com\/hu\/wp-json\/wp\/v2\/product_cat?post=27832"},{"taxonomy":"product_tag","embeddable":true,"href":"https:\/\/stampcurio.com\/hu\/wp-json\/wp\/v2\/product_tag?post=27832"}],"curies":[{"name":"wp","href":"https:\/\/api.w.org\/{rel}","templated":true}]}}