{"id":27830,"date":"2025-11-24T16:32:55","date_gmt":"2025-11-24T15:32:55","guid":{"rendered":"https:\/\/stampcurio.com\/product\/1858-1861-ausztria-karlstadt-vegyes-bermentesites-wiener-neustadtba-kuldve\/"},"modified":"2026-01-05T15:02:36","modified_gmt":"2026-01-05T14:02:36","slug":"1858-1861-ausztria-magyarorszag-vegyes-bermentesites-boritekon-karlstadt-belyegzessel","status":"publish","type":"product","link":"https:\/\/stampcurio.com\/hu\/termek\/1858-1861-ausztria-magyarorszag-vegyes-bermentesites-boritekon-karlstadt-belyegzessel\/","title":{"rendered":"1858 \/ 1861 Ausztria &#8211; Magyarorsz\u00e1g &#8211; vegyes b\u00e9rmentes\u00edt\u00e9s bor\u00edt\u00e9kon Karlstadt b\u00e9lyegz\u00e9ssel"},"content":{"rendered":"","protected":false},"excerpt":{"rendered":"","protected":false},"featured_media":35811,"template":"","meta":[],"product_brand":[],"product_cat":[1178,1192,1172],"product_tag":[1669,116,89,1006,172],"class_list":{"0":"post-27830","1":"product","2":"type-product","3":"status-publish","4":"has-post-thumbnail","6":"product_cat-ausztria","7":"product_cat-horvatorszag","8":"product_cat-magyarorszag","9":"product_tag-3rd-auction","10":"product_tag-belyeg","11":"product_tag-postatortenet","12":"product_tag-unsold","13":"product_tag-vegyes-bermentesites","15":"first","16":"instock","17":"sold-individually","18":"shipping-taxable","19":"purchasable","20":"product-type-simple"},"_links":{"self":[{"href":"https:\/\/stampcurio.com\/hu\/wp-json\/wp\/v2\/product\/27830","targetHints":{"allow":["GET"]}}],"collection":[{"href":"https:\/\/stampcurio.com\/hu\/wp-json\/wp\/v2\/product"}],"about":[{"href":"https:\/\/stampcurio.com\/hu\/wp-json\/wp\/v2\/types\/product"}],"wp:featuredmedia":[{"embeddable":true,"href":"https:\/\/stampcurio.com\/hu\/wp-json\/wp\/v2\/media\/35811"}],"wp:attachment":[{"href":"https:\/\/stampcurio.com\/hu\/wp-json\/wp\/v2\/media?parent=27830"}],"wp:term":[{"taxonomy":"product_brand","embeddable":true,"href":"https:\/\/stampcurio.com\/hu\/wp-json\/wp\/v2\/product_brand?post=27830"},{"taxonomy":"product_cat","embeddable":true,"href":"https:\/\/stampcurio.com\/hu\/wp-json\/wp\/v2\/product_cat?post=27830"},{"taxonomy":"product_tag","embeddable":true,"href":"https:\/\/stampcurio.com\/hu\/wp-json\/wp\/v2\/product_tag?post=27830"}],"curies":[{"name":"wp","href":"https:\/\/api.w.org\/{rel}","templated":true}]}}