{"id":2783,"date":"2023-11-14T11:41:47","date_gmt":"2023-11-14T10:41:47","guid":{"rendered":"http:\/\/stampcurio.com\/?post_type=product&#038;p=2783"},"modified":"2025-12-05T04:13:23","modified_gmt":"2025-12-05T03:13:23","slug":"1961-magyarorszagrol-venezuelaba-kuldot-boritek-egybelyeges-bermentesitessel-ritka-destinacio","status":"publish","type":"product","link":"https:\/\/stampcurio.com\/hu\/termek\/1961-magyarorszagrol-venezuelaba-kuldot-boritek-egybelyeges-bermentesitessel-ritka-destinacio\/","title":{"rendered":"1961 Magyarorsz\u00e1gr\u00f3l Venezuel\u00e1ba k\u00fcld\u00f6t bor\u00edt\u00e9k egyb\u00e9lyeges b\u00e9rmentes\u00edt\u00e9ssel &#8211; ritka destin\u00e1ci\u00f3"},"content":{"rendered":"","protected":false},"excerpt":{"rendered":"","protected":false},"featured_media":11182,"template":"","meta":[],"product_brand":[],"product_cat":[73,295],"product_tag":[1044,116,89],"class_list":{"0":"post-2783","1":"product","2":"type-product","3":"status-publish","4":"has-post-thumbnail","6":"product_cat-magyarorszag-1st","7":"product_cat-venezuela-1st","8":"product_tag-1st-auction-hu","9":"product_tag-belyeg","10":"product_tag-postatortenet","11":"pa_catalog_id-294","13":"first","14":"instock","15":"sold-individually","16":"shipping-taxable","17":"product-type-simple"},"_links":{"self":[{"href":"https:\/\/stampcurio.com\/hu\/wp-json\/wp\/v2\/product\/2783","targetHints":{"allow":["GET"]}}],"collection":[{"href":"https:\/\/stampcurio.com\/hu\/wp-json\/wp\/v2\/product"}],"about":[{"href":"https:\/\/stampcurio.com\/hu\/wp-json\/wp\/v2\/types\/product"}],"wp:featuredmedia":[{"embeddable":true,"href":"https:\/\/stampcurio.com\/hu\/wp-json\/wp\/v2\/media\/11182"}],"wp:attachment":[{"href":"https:\/\/stampcurio.com\/hu\/wp-json\/wp\/v2\/media?parent=2783"}],"wp:term":[{"taxonomy":"product_brand","embeddable":true,"href":"https:\/\/stampcurio.com\/hu\/wp-json\/wp\/v2\/product_brand?post=2783"},{"taxonomy":"product_cat","embeddable":true,"href":"https:\/\/stampcurio.com\/hu\/wp-json\/wp\/v2\/product_cat?post=2783"},{"taxonomy":"product_tag","embeddable":true,"href":"https:\/\/stampcurio.com\/hu\/wp-json\/wp\/v2\/product_tag?post=2783"}],"curies":[{"name":"wp","href":"https:\/\/api.w.org\/{rel}","templated":true}]}}