{"id":27828,"date":"2025-11-24T16:32:55","date_gmt":"2025-11-24T15:32:55","guid":{"rendered":"https:\/\/stampcurio.com\/product\/1861-ausztria-15-kr-kuldemeny-szatmarrol-prackendorba-cimezve-hatoldalan-caschau-es-golnitz-belyegzesek\/"},"modified":"2025-12-05T04:00:30","modified_gmt":"2025-12-05T03:00:30","slug":"1861-ausztria-15-krajcaros-belyeg-szep-szatmar-lebelyegzessel-prackendorba-kuldott-kuldemenyen","status":"publish","type":"product","link":"https:\/\/stampcurio.com\/hu\/termek\/1861-ausztria-15-krajcaros-belyeg-szep-szatmar-lebelyegzessel-prackendorba-kuldott-kuldemenyen\/","title":{"rendered":"1861 Ausztria &#8211; 15 krajc\u00e1ros b\u00e9lyeg sz\u00e9p SZATM\u00c1R leb\u00e9lyegz\u00e9ssel Prackendorba k\u00fcld\u00f6tt k\u00fcldem\u00e9nyen"},"content":{"rendered":"","protected":false},"excerpt":{"rendered":"","protected":false},"featured_media":30800,"template":"","meta":[],"product_brand":[],"product_cat":[1178,1172,1208],"product_tag":[1669,1041,89],"class_list":{"0":"post-27828","1":"product","2":"type-product","3":"status-publish","4":"has-post-thumbnail","6":"product_cat-ausztria","7":"product_cat-magyarorszag","8":"product_cat-romania","9":"product_tag-3rd-auction","10":"product_tag-marcophily-hu","11":"product_tag-postatortenet","13":"first","14":"outofstock","15":"sold-individually","16":"shipping-taxable","17":"purchasable","18":"product-type-simple"},"_links":{"self":[{"href":"https:\/\/stampcurio.com\/hu\/wp-json\/wp\/v2\/product\/27828","targetHints":{"allow":["GET"]}}],"collection":[{"href":"https:\/\/stampcurio.com\/hu\/wp-json\/wp\/v2\/product"}],"about":[{"href":"https:\/\/stampcurio.com\/hu\/wp-json\/wp\/v2\/types\/product"}],"wp:featuredmedia":[{"embeddable":true,"href":"https:\/\/stampcurio.com\/hu\/wp-json\/wp\/v2\/media\/30800"}],"wp:attachment":[{"href":"https:\/\/stampcurio.com\/hu\/wp-json\/wp\/v2\/media?parent=27828"}],"wp:term":[{"taxonomy":"product_brand","embeddable":true,"href":"https:\/\/stampcurio.com\/hu\/wp-json\/wp\/v2\/product_brand?post=27828"},{"taxonomy":"product_cat","embeddable":true,"href":"https:\/\/stampcurio.com\/hu\/wp-json\/wp\/v2\/product_cat?post=27828"},{"taxonomy":"product_tag","embeddable":true,"href":"https:\/\/stampcurio.com\/hu\/wp-json\/wp\/v2\/product_tag?post=27828"}],"curies":[{"name":"wp","href":"https:\/\/api.w.org\/{rel}","templated":true}]}}