{"id":27827,"date":"2025-11-24T16:32:54","date_gmt":"2025-11-24T15:32:54","guid":{"rendered":"https:\/\/stampcurio.com\/product\/1863-ausztria-nagybanya-kolozsvar-ajanlott-level-szep-also-ivszeles-belyeggel\/"},"modified":"2026-01-05T15:02:36","modified_gmt":"2026-01-05T14:02:36","slug":"1863-ausztria-nagybanyarol-kolozsvarra-kuldott-2-zonas-boritek-egybelyeges-10kr-dijlerovassal-a-belyegen-alul-latvanyos-szegelylec-lenyomat","status":"publish","type":"product","link":"https:\/\/stampcurio.com\/hu\/termek\/1863-ausztria-nagybanyarol-kolozsvarra-kuldott-2-zonas-boritek-egybelyeges-10kr-dijlerovassal-a-belyegen-alul-latvanyos-szegelylec-lenyomat\/","title":{"rendered":"1863 Ausztria &#8211; Nagyb\u00e1ny\u00e1r\u00f3l Kolozsv\u00e1rra k\u00fcld\u00f6tt 2. z\u00f3n\u00e1s bor\u00edt\u00e9k egyb\u00e9lyeges 10kr d\u00edjlerov\u00e1ssal. A b\u00e9lyegen alul l\u00e1tv\u00e1nyos szeg\u00e9lyl\u00e9c lenyomat."},"content":{"rendered":"","protected":false},"excerpt":{"rendered":"","protected":false},"featured_media":31572,"template":"","meta":[],"product_brand":[],"product_cat":[1178,1172,1208],"product_tag":[1669,116,89,217,1006],"class_list":{"0":"post-27827","1":"product","2":"type-product","3":"status-publish","4":"has-post-thumbnail","6":"product_cat-ausztria","7":"product_cat-magyarorszag","8":"product_cat-romania","9":"product_tag-3rd-auction","10":"product_tag-belyeg","11":"product_tag-postatortenet","12":"product_tag-tevnyomat","13":"product_tag-unsold","15":"first","16":"instock","17":"sold-individually","18":"shipping-taxable","19":"purchasable","20":"product-type-simple"},"_links":{"self":[{"href":"https:\/\/stampcurio.com\/hu\/wp-json\/wp\/v2\/product\/27827","targetHints":{"allow":["GET"]}}],"collection":[{"href":"https:\/\/stampcurio.com\/hu\/wp-json\/wp\/v2\/product"}],"about":[{"href":"https:\/\/stampcurio.com\/hu\/wp-json\/wp\/v2\/types\/product"}],"wp:featuredmedia":[{"embeddable":true,"href":"https:\/\/stampcurio.com\/hu\/wp-json\/wp\/v2\/media\/31572"}],"wp:attachment":[{"href":"https:\/\/stampcurio.com\/hu\/wp-json\/wp\/v2\/media?parent=27827"}],"wp:term":[{"taxonomy":"product_brand","embeddable":true,"href":"https:\/\/stampcurio.com\/hu\/wp-json\/wp\/v2\/product_brand?post=27827"},{"taxonomy":"product_cat","embeddable":true,"href":"https:\/\/stampcurio.com\/hu\/wp-json\/wp\/v2\/product_cat?post=27827"},{"taxonomy":"product_tag","embeddable":true,"href":"https:\/\/stampcurio.com\/hu\/wp-json\/wp\/v2\/product_tag?post=27827"}],"curies":[{"name":"wp","href":"https:\/\/api.w.org\/{rel}","templated":true}]}}