{"id":27826,"date":"2025-11-24T16:32:54","date_gmt":"2025-11-24T15:32:54","guid":{"rendered":"https:\/\/stampcurio.com\/product\/1864-ausztria-ruszkberg-2-db\/"},"modified":"2025-12-05T04:00:31","modified_gmt":"2025-12-05T03:00:31","slug":"1864-ausztria-ruszkbergbol-kuldott-level-melyen-a-belyeg-ket-darabbol-van-osszerakva-csalard-bermentesites","status":"publish","type":"product","link":"https:\/\/stampcurio.com\/hu\/termek\/1864-ausztria-ruszkbergbol-kuldott-level-melyen-a-belyeg-ket-darabbol-van-osszerakva-csalard-bermentesites\/","title":{"rendered":"1864 Ausztria &#8211; Ruszkbergb\u00f3l k\u00fcld\u00f6tt lev\u00e9l, melyen a b\u00e9lyeg k\u00e9t darabb\u00f3l van \u00f6sszerakva &#8211; csal\u00e1rd b\u00e9rmentes\u00edt\u00e9s"},"content":{"rendered":"","protected":false},"excerpt":{"rendered":"","protected":false},"featured_media":31578,"template":"","meta":[],"product_brand":[],"product_cat":[1178,1172,1208],"product_tag":[1669,116,452,89],"class_list":{"0":"post-27826","1":"product","2":"type-product","3":"status-publish","4":"has-post-thumbnail","6":"product_cat-ausztria","7":"product_cat-magyarorszag","8":"product_cat-romania","9":"product_tag-3rd-auction","10":"product_tag-belyeg","11":"product_tag-csalard-bermentesites","12":"product_tag-postatortenet","14":"first","15":"outofstock","16":"sold-individually","17":"shipping-taxable","18":"purchasable","19":"product-type-simple"},"_links":{"self":[{"href":"https:\/\/stampcurio.com\/hu\/wp-json\/wp\/v2\/product\/27826","targetHints":{"allow":["GET"]}}],"collection":[{"href":"https:\/\/stampcurio.com\/hu\/wp-json\/wp\/v2\/product"}],"about":[{"href":"https:\/\/stampcurio.com\/hu\/wp-json\/wp\/v2\/types\/product"}],"wp:featuredmedia":[{"embeddable":true,"href":"https:\/\/stampcurio.com\/hu\/wp-json\/wp\/v2\/media\/31578"}],"wp:attachment":[{"href":"https:\/\/stampcurio.com\/hu\/wp-json\/wp\/v2\/media?parent=27826"}],"wp:term":[{"taxonomy":"product_brand","embeddable":true,"href":"https:\/\/stampcurio.com\/hu\/wp-json\/wp\/v2\/product_brand?post=27826"},{"taxonomy":"product_cat","embeddable":true,"href":"https:\/\/stampcurio.com\/hu\/wp-json\/wp\/v2\/product_cat?post=27826"},{"taxonomy":"product_tag","embeddable":true,"href":"https:\/\/stampcurio.com\/hu\/wp-json\/wp\/v2\/product_tag?post=27826"}],"curies":[{"name":"wp","href":"https:\/\/api.w.org\/{rel}","templated":true}]}}