{"id":27825,"date":"2025-11-24T16:32:54","date_gmt":"2025-11-24T15:32:54","guid":{"rendered":"https:\/\/stampcurio.com\/product\/1864-ausztria-5-kr-dijjegyes-kivagas-poroszlo-belyegzessel-boritek-tiszafuredre-kuldve\/"},"modified":"2026-01-05T15:02:36","modified_gmt":"2026-01-05T14:02:36","slug":"1863-ausztria-magyarorszag-5-kr-dijjegyes-boritek-kivagas-poroszlo-belyegzessel-tiszafuredre-kuldott-boritekon-ferchenbauer-900-eur","status":"publish","type":"product","link":"https:\/\/stampcurio.com\/hu\/termek\/1863-ausztria-magyarorszag-5-kr-dijjegyes-boritek-kivagas-poroszlo-belyegzessel-tiszafuredre-kuldott-boritekon-ferchenbauer-900-eur\/","title":{"rendered":"1863 Ausztria &#8211; Magyarorsz\u00e1g &#8211; 5 kr d\u00edjjegyes bor\u00edt\u00e9k kiv\u00e1g\u00e1s Poroszl\u00f3 b\u00e9lyegz\u00e9ssel Tiszaf\u00fcredre k\u00fcld\u00f6tt bor\u00edt\u00e9kon | Ferchenbauer 900 EUR"},"content":{"rendered":"","protected":false},"excerpt":{"rendered":"<p>A bor\u00edt\u00e9k sajnos restaur\u00e1lt + irrat\u00e1ri lyukaszt\u00e1ssal &#8211; l\u00e1sd a k\u00e9peken.<\/p>\n","protected":false},"featured_media":35868,"template":"","meta":[],"product_brand":[],"product_cat":[1178,1172],"product_tag":[1669,116,74,89,1006],"class_list":{"0":"post-27825","1":"product","2":"type-product","3":"status-publish","4":"has-post-thumbnail","6":"product_cat-ausztria","7":"product_cat-magyarorszag","8":"product_tag-3rd-auction","9":"product_tag-belyeg","10":"product_tag-dijjegyes","11":"product_tag-postatortenet","12":"product_tag-unsold","14":"first","15":"instock","16":"sold-individually","17":"shipping-taxable","18":"purchasable","19":"product-type-simple"},"_links":{"self":[{"href":"https:\/\/stampcurio.com\/hu\/wp-json\/wp\/v2\/product\/27825","targetHints":{"allow":["GET"]}}],"collection":[{"href":"https:\/\/stampcurio.com\/hu\/wp-json\/wp\/v2\/product"}],"about":[{"href":"https:\/\/stampcurio.com\/hu\/wp-json\/wp\/v2\/types\/product"}],"wp:featuredmedia":[{"embeddable":true,"href":"https:\/\/stampcurio.com\/hu\/wp-json\/wp\/v2\/media\/35868"}],"wp:attachment":[{"href":"https:\/\/stampcurio.com\/hu\/wp-json\/wp\/v2\/media?parent=27825"}],"wp:term":[{"taxonomy":"product_brand","embeddable":true,"href":"https:\/\/stampcurio.com\/hu\/wp-json\/wp\/v2\/product_brand?post=27825"},{"taxonomy":"product_cat","embeddable":true,"href":"https:\/\/stampcurio.com\/hu\/wp-json\/wp\/v2\/product_cat?post=27825"},{"taxonomy":"product_tag","embeddable":true,"href":"https:\/\/stampcurio.com\/hu\/wp-json\/wp\/v2\/product_tag?post=27825"}],"curies":[{"name":"wp","href":"https:\/\/api.w.org\/{rel}","templated":true}]}}