{"id":27823,"date":"2025-11-24T16:32:53","date_gmt":"2025-11-24T15:32:53","guid":{"rendered":"https:\/\/stampcurio.com\/product\/1867-magyarorszag-2-kr-levelezesi-lap-az-irott-kozles-az-elooldalra-a-cim-helyere-kerult\/"},"modified":"2025-12-05T04:00:32","modified_gmt":"2025-12-05T03:00:32","slug":"1867-magyarorszag-2-kr-dijjegyes-levelezesi-lap-balassa-gyarmath-belyegzessel-az-irott-kozles-is-a-lap-elooldalara-lett-irva-igy-a-hatoldal-uresen-maradt-erdekes-es-mokas-megoldas","status":"publish","type":"product","link":"https:\/\/stampcurio.com\/hu\/termek\/1867-magyarorszag-2-kr-dijjegyes-levelezesi-lap-balassa-gyarmath-belyegzessel-az-irott-kozles-is-a-lap-elooldalara-lett-irva-igy-a-hatoldal-uresen-maradt-erdekes-es-mokas-megoldas\/","title":{"rendered":"1867 Magyarorsz\u00e1g &#8211; 2 kr d\u00edjjegyes levelez\u00e9si lap BALASSA GYARMATH b\u00e9lyegz\u00e9ssel. Az \u00edrott k\u00f6zl\u00e9s is a lap el\u0151oldal\u00e1ra lett \u00edrva, \u00edgy a h\u00e1toldal \u00fcresen maradt &#8211; \u00e9rdekes \u00e9s m\u00f3k\u00e1s megold\u00e1s."},"content":{"rendered":"","protected":false},"excerpt":{"rendered":"","protected":false},"featured_media":31802,"template":"","meta":[],"product_brand":[],"product_cat":[1178,1172],"product_tag":[1669,1041,89],"class_list":{"0":"post-27823","1":"product","2":"type-product","3":"status-publish","4":"has-post-thumbnail","6":"product_cat-ausztria","7":"product_cat-magyarorszag","8":"product_tag-3rd-auction","9":"product_tag-marcophily-hu","10":"product_tag-postatortenet","12":"first","13":"outofstock","14":"sold-individually","15":"shipping-taxable","16":"purchasable","17":"product-type-simple"},"_links":{"self":[{"href":"https:\/\/stampcurio.com\/hu\/wp-json\/wp\/v2\/product\/27823","targetHints":{"allow":["GET"]}}],"collection":[{"href":"https:\/\/stampcurio.com\/hu\/wp-json\/wp\/v2\/product"}],"about":[{"href":"https:\/\/stampcurio.com\/hu\/wp-json\/wp\/v2\/types\/product"}],"wp:featuredmedia":[{"embeddable":true,"href":"https:\/\/stampcurio.com\/hu\/wp-json\/wp\/v2\/media\/31802"}],"wp:attachment":[{"href":"https:\/\/stampcurio.com\/hu\/wp-json\/wp\/v2\/media?parent=27823"}],"wp:term":[{"taxonomy":"product_brand","embeddable":true,"href":"https:\/\/stampcurio.com\/hu\/wp-json\/wp\/v2\/product_brand?post=27823"},{"taxonomy":"product_cat","embeddable":true,"href":"https:\/\/stampcurio.com\/hu\/wp-json\/wp\/v2\/product_cat?post=27823"},{"taxonomy":"product_tag","embeddable":true,"href":"https:\/\/stampcurio.com\/hu\/wp-json\/wp\/v2\/product_tag?post=27823"}],"curies":[{"name":"wp","href":"https:\/\/api.w.org\/{rel}","templated":true}]}}