{"id":27822,"date":"2025-11-24T16:32:52","date_gmt":"2025-11-24T15:32:52","guid":{"rendered":"https:\/\/stampcurio.com\/product\/1870-magyarorszag-wrapper-sz-fejervar-hatoldalon-szep-kek-zamoly-belyegzes\/"},"modified":"2026-01-05T15:02:37","modified_gmt":"2026-01-05T14:02:37","slug":"1870-magyarorszag-hirlapbelyeg-i-b-tipus-teljes-cimszallagon-sz-fejervar-belyegzessel-a-hatoldalon-szep-kek-zamoly-belyegzessel","status":"publish","type":"product","link":"https:\/\/stampcurio.com\/hu\/termek\/1870-magyarorszag-hirlapbelyeg-i-b-tipus-teljes-cimszallagon-sz-fejervar-belyegzessel-a-hatoldalon-szep-kek-zamoly-belyegzessel\/","title":{"rendered":"1870 Magyarorsz\u00e1g &#8211; h\u00edrlapb\u00e9lyeg I.b. t\u00edpus teljes c\u00edmszallagon Sz.Fej\u00e9rv\u00e1r b\u00e9lyegz\u00e9ssel, a h\u00e1toldalon sz\u00e9p k\u00e9k Z\u00e1moly b\u00e9lyegz\u00e9ssel"},"content":{"rendered":"","protected":false},"excerpt":{"rendered":"","protected":false},"featured_media":31772,"template":"","meta":[],"product_brand":[],"product_cat":[1178,1172],"product_tag":[1669,116,259,1041,89,1006],"class_list":{"0":"post-27822","1":"product","2":"type-product","3":"status-publish","4":"has-post-thumbnail","6":"product_cat-ausztria","7":"product_cat-magyarorszag","8":"product_tag-3rd-auction","9":"product_tag-belyeg","10":"product_tag-cimszalag","11":"product_tag-marcophily-hu","12":"product_tag-postatortenet","13":"product_tag-unsold","15":"first","16":"instock","17":"sold-individually","18":"shipping-taxable","19":"purchasable","20":"product-type-simple"},"_links":{"self":[{"href":"https:\/\/stampcurio.com\/hu\/wp-json\/wp\/v2\/product\/27822","targetHints":{"allow":["GET"]}}],"collection":[{"href":"https:\/\/stampcurio.com\/hu\/wp-json\/wp\/v2\/product"}],"about":[{"href":"https:\/\/stampcurio.com\/hu\/wp-json\/wp\/v2\/types\/product"}],"wp:featuredmedia":[{"embeddable":true,"href":"https:\/\/stampcurio.com\/hu\/wp-json\/wp\/v2\/media\/31772"}],"wp:attachment":[{"href":"https:\/\/stampcurio.com\/hu\/wp-json\/wp\/v2\/media?parent=27822"}],"wp:term":[{"taxonomy":"product_brand","embeddable":true,"href":"https:\/\/stampcurio.com\/hu\/wp-json\/wp\/v2\/product_brand?post=27822"},{"taxonomy":"product_cat","embeddable":true,"href":"https:\/\/stampcurio.com\/hu\/wp-json\/wp\/v2\/product_cat?post=27822"},{"taxonomy":"product_tag","embeddable":true,"href":"https:\/\/stampcurio.com\/hu\/wp-json\/wp\/v2\/product_tag?post=27822"}],"curies":[{"name":"wp","href":"https:\/\/api.w.org\/{rel}","templated":true}]}}