{"id":27821,"date":"2025-11-24T16:32:52","date_gmt":"2025-11-24T15:32:52","guid":{"rendered":"https:\/\/stampcurio.com\/product\/1867-nemetorszag-magyarorszagra-kuldott-level-nyomtatvany-hamburgbol\/"},"modified":"2025-12-05T04:00:33","modified_gmt":"2025-12-05T03:00:33","slug":"1867-magyarorszag-nemetorszag-hamburgban-megirt-ceges-level-pesten-helyi-kuldemenykent-postazva","status":"publish","type":"product","link":"https:\/\/stampcurio.com\/hu\/termek\/1867-magyarorszag-nemetorszag-hamburgban-megirt-ceges-level-pesten-helyi-kuldemenykent-postazva\/","title":{"rendered":"1867 Magyarorsz\u00e1g &#8211; N\u00e9metorsz\u00e1g &#8211;  Hamburgban meg\u00edrt c\u00e9ges lev\u00e9l Pesten helyi k\u00fcldem\u00e9nyk\u00e9nt post\u00e1zva"},"content":{"rendered":"","protected":false},"excerpt":{"rendered":"","protected":false},"featured_media":35815,"template":"","meta":[],"product_brand":[],"product_cat":[1178,1172,1175],"product_tag":[1669,116,89],"class_list":{"0":"post-27821","1":"product","2":"type-product","3":"status-publish","4":"has-post-thumbnail","6":"product_cat-ausztria","7":"product_cat-magyarorszag","8":"product_cat-nemetorszag","9":"product_tag-3rd-auction","10":"product_tag-belyeg","11":"product_tag-postatortenet","13":"first","14":"outofstock","15":"sold-individually","16":"shipping-taxable","17":"purchasable","18":"product-type-simple"},"_links":{"self":[{"href":"https:\/\/stampcurio.com\/hu\/wp-json\/wp\/v2\/product\/27821","targetHints":{"allow":["GET"]}}],"collection":[{"href":"https:\/\/stampcurio.com\/hu\/wp-json\/wp\/v2\/product"}],"about":[{"href":"https:\/\/stampcurio.com\/hu\/wp-json\/wp\/v2\/types\/product"}],"wp:featuredmedia":[{"embeddable":true,"href":"https:\/\/stampcurio.com\/hu\/wp-json\/wp\/v2\/media\/35815"}],"wp:attachment":[{"href":"https:\/\/stampcurio.com\/hu\/wp-json\/wp\/v2\/media?parent=27821"}],"wp:term":[{"taxonomy":"product_brand","embeddable":true,"href":"https:\/\/stampcurio.com\/hu\/wp-json\/wp\/v2\/product_brand?post=27821"},{"taxonomy":"product_cat","embeddable":true,"href":"https:\/\/stampcurio.com\/hu\/wp-json\/wp\/v2\/product_cat?post=27821"},{"taxonomy":"product_tag","embeddable":true,"href":"https:\/\/stampcurio.com\/hu\/wp-json\/wp\/v2\/product_tag?post=27821"}],"curies":[{"name":"wp","href":"https:\/\/api.w.org\/{rel}","templated":true}]}}