{"id":27819,"date":"2025-11-24T16:32:51","date_gmt":"2025-11-24T15:32:51","guid":{"rendered":"https:\/\/stampcurio.com\/product\/1874-magyarorszag-10-kr-dijjegyes-boritek-5-kr-kiegeszitessel-ajanlott-levelkent-nemetorszagba-kuldve\/"},"modified":"2026-01-05T15:02:37","modified_gmt":"2026-01-05T14:02:37","slug":"1874-magyarorszag-10-kr-dijjegyes-boritek-5-kr-kiegeszitessel-ajanlott-levelkent-nemetorszagba-kuldve","status":"publish","type":"product","link":"https:\/\/stampcurio.com\/hu\/termek\/1874-magyarorszag-10-kr-dijjegyes-boritek-5-kr-kiegeszitessel-ajanlott-levelkent-nemetorszagba-kuldve\/","title":{"rendered":"1874 Magyarorsz\u00e1g &#8211; 10 kr d\u00edjjegyes bor\u00edt\u00e9k 5 kr kieg\u00e9sz\u00edt\u00e9ssel aj\u00e1nlott lev\u00e9lk\u00e9nt N\u00e9metorsz\u00e1gba k\u00fcldve"},"content":{"rendered":"","protected":false},"excerpt":{"rendered":"<p>A haszn\u00e1lt 10 krajc\u00e1ros bor\u00edt\u00e9kok ritk\u00e1k.<\/p>\n","protected":false},"featured_media":31782,"template":"","meta":[],"product_brand":[],"product_cat":[1172],"product_tag":[1669,116,74,1041,1006],"class_list":{"0":"post-27819","1":"product","2":"type-product","3":"status-publish","4":"has-post-thumbnail","6":"product_cat-magyarorszag","7":"product_tag-3rd-auction","8":"product_tag-belyeg","9":"product_tag-dijjegyes","10":"product_tag-marcophily-hu","11":"product_tag-unsold","13":"first","14":"instock","15":"sold-individually","16":"shipping-taxable","17":"purchasable","18":"product-type-simple"},"_links":{"self":[{"href":"https:\/\/stampcurio.com\/hu\/wp-json\/wp\/v2\/product\/27819","targetHints":{"allow":["GET"]}}],"collection":[{"href":"https:\/\/stampcurio.com\/hu\/wp-json\/wp\/v2\/product"}],"about":[{"href":"https:\/\/stampcurio.com\/hu\/wp-json\/wp\/v2\/types\/product"}],"wp:featuredmedia":[{"embeddable":true,"href":"https:\/\/stampcurio.com\/hu\/wp-json\/wp\/v2\/media\/31782"}],"wp:attachment":[{"href":"https:\/\/stampcurio.com\/hu\/wp-json\/wp\/v2\/media?parent=27819"}],"wp:term":[{"taxonomy":"product_brand","embeddable":true,"href":"https:\/\/stampcurio.com\/hu\/wp-json\/wp\/v2\/product_brand?post=27819"},{"taxonomy":"product_cat","embeddable":true,"href":"https:\/\/stampcurio.com\/hu\/wp-json\/wp\/v2\/product_cat?post=27819"},{"taxonomy":"product_tag","embeddable":true,"href":"https:\/\/stampcurio.com\/hu\/wp-json\/wp\/v2\/product_tag?post=27819"}],"curies":[{"name":"wp","href":"https:\/\/api.w.org\/{rel}","templated":true}]}}