{"id":27818,"date":"2025-11-24T16:32:48","date_gmt":"2025-11-24T15:32:48","guid":{"rendered":"https:\/\/stampcurio.com\/product\/1867-magyarorszag-10-kr-tertivevenyen-elfogazva-szep-gyorok-belyegzessel-gudlin-150\/"},"modified":"2025-12-05T04:00:34","modified_gmt":"2025-12-05T03:00:34","slug":"1867-magyarorszag-elfogazott-10-krajcaros-belyeg-tertivevenyen-szep-gyorok-belyegzessel-gudlin-150","status":"publish","type":"product","link":"https:\/\/stampcurio.com\/hu\/termek\/1867-magyarorszag-elfogazott-10-krajcaros-belyeg-tertivevenyen-szep-gyorok-belyegzessel-gudlin-150\/","title":{"rendered":"1867 Magyarorsz\u00e1g &#8211; elfogazott 10 krajc\u00e1ros b\u00e9lyeg t\u00e9rtivev\u00e9nyen , sz\u00e9p GYOROK b\u00e9lyegz\u00e9ssel | Gudlin: 150"},"content":{"rendered":"","protected":false},"excerpt":{"rendered":"","protected":false},"featured_media":30792,"template":"","meta":[],"product_brand":[],"product_cat":[1178,1172,1208],"product_tag":[1669,1041,89,217],"class_list":{"0":"post-27818","1":"product","2":"type-product","3":"status-publish","4":"has-post-thumbnail","6":"product_cat-ausztria","7":"product_cat-magyarorszag","8":"product_cat-romania","9":"product_tag-3rd-auction","10":"product_tag-marcophily-hu","11":"product_tag-postatortenet","12":"product_tag-tevnyomat","14":"first","15":"outofstock","16":"sold-individually","17":"shipping-taxable","18":"purchasable","19":"product-type-simple"},"_links":{"self":[{"href":"https:\/\/stampcurio.com\/hu\/wp-json\/wp\/v2\/product\/27818","targetHints":{"allow":["GET"]}}],"collection":[{"href":"https:\/\/stampcurio.com\/hu\/wp-json\/wp\/v2\/product"}],"about":[{"href":"https:\/\/stampcurio.com\/hu\/wp-json\/wp\/v2\/types\/product"}],"wp:featuredmedia":[{"embeddable":true,"href":"https:\/\/stampcurio.com\/hu\/wp-json\/wp\/v2\/media\/30792"}],"wp:attachment":[{"href":"https:\/\/stampcurio.com\/hu\/wp-json\/wp\/v2\/media?parent=27818"}],"wp:term":[{"taxonomy":"product_brand","embeddable":true,"href":"https:\/\/stampcurio.com\/hu\/wp-json\/wp\/v2\/product_brand?post=27818"},{"taxonomy":"product_cat","embeddable":true,"href":"https:\/\/stampcurio.com\/hu\/wp-json\/wp\/v2\/product_cat?post=27818"},{"taxonomy":"product_tag","embeddable":true,"href":"https:\/\/stampcurio.com\/hu\/wp-json\/wp\/v2\/product_tag?post=27818"}],"curies":[{"name":"wp","href":"https:\/\/api.w.org\/{rel}","templated":true}]}}