{"id":27817,"date":"2025-11-24T16:32:48","date_gmt":"2025-11-24T15:32:48","guid":{"rendered":"https:\/\/stampcurio.com\/product\/1871-magyarorszag-helyi-ajanlott-levelen-rez-3-es-5-kr-belyegek-a-3-kr-latvanyosan-elfogazva\/"},"modified":"2026-01-05T15:02:38","modified_gmt":"2026-01-05T14:02:38","slug":"1871-magyarorszag-helyi-ajanlott-boritek-reznyomatos-3-es-5-kr-belyegekkel-a-3-kr-latvanyosan-elfogazva","status":"publish","type":"product","link":"https:\/\/stampcurio.com\/hu\/termek\/1871-magyarorszag-helyi-ajanlott-boritek-reznyomatos-3-es-5-kr-belyegekkel-a-3-kr-latvanyosan-elfogazva\/","title":{"rendered":"1871 Magyarorsz\u00e1g &#8211; Helyi aj\u00e1nlott bor\u00edt\u00e9k r\u00e9znyomatos 3 \u00e9s 5 kr b\u00e9lyegekkel \u2013 a 3 kr l\u00e1tv\u00e1nyosan elfogazva"},"content":{"rendered":"","protected":false},"excerpt":{"rendered":"","protected":false},"featured_media":31776,"template":"","meta":[],"product_brand":[],"product_cat":[1172],"product_tag":[1669,116,89,217,1006],"class_list":{"0":"post-27817","1":"product","2":"type-product","3":"status-publish","4":"has-post-thumbnail","6":"product_cat-magyarorszag","7":"product_tag-3rd-auction","8":"product_tag-belyeg","9":"product_tag-postatortenet","10":"product_tag-tevnyomat","11":"product_tag-unsold","13":"first","14":"instock","15":"sold-individually","16":"shipping-taxable","17":"purchasable","18":"product-type-simple"},"_links":{"self":[{"href":"https:\/\/stampcurio.com\/hu\/wp-json\/wp\/v2\/product\/27817","targetHints":{"allow":["GET"]}}],"collection":[{"href":"https:\/\/stampcurio.com\/hu\/wp-json\/wp\/v2\/product"}],"about":[{"href":"https:\/\/stampcurio.com\/hu\/wp-json\/wp\/v2\/types\/product"}],"wp:featuredmedia":[{"embeddable":true,"href":"https:\/\/stampcurio.com\/hu\/wp-json\/wp\/v2\/media\/31776"}],"wp:attachment":[{"href":"https:\/\/stampcurio.com\/hu\/wp-json\/wp\/v2\/media?parent=27817"}],"wp:term":[{"taxonomy":"product_brand","embeddable":true,"href":"https:\/\/stampcurio.com\/hu\/wp-json\/wp\/v2\/product_brand?post=27817"},{"taxonomy":"product_cat","embeddable":true,"href":"https:\/\/stampcurio.com\/hu\/wp-json\/wp\/v2\/product_cat?post=27817"},{"taxonomy":"product_tag","embeddable":true,"href":"https:\/\/stampcurio.com\/hu\/wp-json\/wp\/v2\/product_tag?post=27817"}],"curies":[{"name":"wp","href":"https:\/\/api.w.org\/{rel}","templated":true}]}}