{"id":27816,"date":"2025-11-24T16:32:48","date_gmt":"2025-11-24T15:32:48","guid":{"rendered":"https:\/\/stampcurio.com\/product\/1867-magyarorszag-oszlany-kulteruleti-level-kosztolanyi-lajosnak-kosztolanba-kuldve-a-thonet-cegtol\/"},"modified":"2026-01-05T15:02:37","modified_gmt":"2026-01-05T14:02:37","slug":"1867-magyarorszag-oszlanyrol-kosztolanba-kudlott-kulteruleti-kuldemeny-kosztolanyi-lajosnak-cimezve-a-thonet-ceg-boritekjan-posta-indulas-utan-belyegzessel","status":"publish","type":"product","link":"https:\/\/stampcurio.com\/hu\/termek\/1867-magyarorszag-oszlanyrol-kosztolanba-kudlott-kulteruleti-kuldemeny-kosztolanyi-lajosnak-cimezve-a-thonet-ceg-boritekjan-posta-indulas-utan-belyegzessel\/","title":{"rendered":"1867 Magyarorsz\u00e1g &#8211; Oszl\u00e1nyr\u00f3l Kosztolanba k\u00fcdl\u00f6tt k\u00fclter\u00fcleti (!) k\u00fcldem\u00e9ny, Kosztol\u00e1nyi Lajosnak c\u00edmezve a Thonet c\u00e9g bor\u00edt\u00e9kj\u00e1n. &#8220;Posta indul\u00e1s ut\u00e1n&#8221; b\u00e9lyegz\u00e9ssel."},"content":{"rendered":"","protected":false},"excerpt":{"rendered":"","protected":false},"featured_media":31804,"template":"","meta":[],"product_brand":[],"product_cat":[1178,1172,1189],"product_tag":[1669,116,1041,176,89,75,1006],"class_list":{"0":"post-27816","1":"product","2":"type-product","3":"status-publish","4":"has-post-thumbnail","6":"product_cat-ausztria","7":"product_cat-magyarorszag","8":"product_cat-szlovakia","9":"product_tag-3rd-auction","10":"product_tag-belyeg","11":"product_tag-marcophily-hu","12":"product_tag-philagem","13":"product_tag-postatortenet","14":"product_tag-reklam","15":"product_tag-unsold","17":"first","18":"instock","19":"sold-individually","20":"shipping-taxable","21":"purchasable","22":"product-type-simple"},"_links":{"self":[{"href":"https:\/\/stampcurio.com\/hu\/wp-json\/wp\/v2\/product\/27816","targetHints":{"allow":["GET"]}}],"collection":[{"href":"https:\/\/stampcurio.com\/hu\/wp-json\/wp\/v2\/product"}],"about":[{"href":"https:\/\/stampcurio.com\/hu\/wp-json\/wp\/v2\/types\/product"}],"wp:featuredmedia":[{"embeddable":true,"href":"https:\/\/stampcurio.com\/hu\/wp-json\/wp\/v2\/media\/31804"}],"wp:attachment":[{"href":"https:\/\/stampcurio.com\/hu\/wp-json\/wp\/v2\/media?parent=27816"}],"wp:term":[{"taxonomy":"product_brand","embeddable":true,"href":"https:\/\/stampcurio.com\/hu\/wp-json\/wp\/v2\/product_brand?post=27816"},{"taxonomy":"product_cat","embeddable":true,"href":"https:\/\/stampcurio.com\/hu\/wp-json\/wp\/v2\/product_cat?post=27816"},{"taxonomy":"product_tag","embeddable":true,"href":"https:\/\/stampcurio.com\/hu\/wp-json\/wp\/v2\/product_tag?post=27816"}],"curies":[{"name":"wp","href":"https:\/\/api.w.org\/{rel}","templated":true}]}}