{"id":27814,"date":"2025-11-24T16:32:47","date_gmt":"2025-11-24T15:32:47","guid":{"rendered":"https:\/\/stampcurio.com\/product\/1931-cccp-leningradbol-kuldott-ajanlott-levelezolap-kolumbiaba-kuldve-cccp-1931-szeptember-25-i-repules-alkalmi-belyegzojevel-orosz-es-kolumbiai-belyegekkel-vegyesen\/"},"modified":"2026-01-05T15:02:38","modified_gmt":"2026-01-05T14:02:38","slug":"1931-szovjetunio-leningradbol-kolumbiaba-kuldott-ajanlott-levelezolap-cccp-1931-szeptember-25-i-repules-alkalmi-belyegzojevel-szovjet-es-kolumbiai-belyegekkel-vegyesen","status":"publish","type":"product","link":"https:\/\/stampcurio.com\/hu\/termek\/1931-szovjetunio-leningradbol-kolumbiaba-kuldott-ajanlott-levelezolap-cccp-1931-szeptember-25-i-repules-alkalmi-belyegzojevel-szovjet-es-kolumbiai-belyegekkel-vegyesen\/","title":{"rendered":"1931 Szovjetuni\u00f3 &#8211; Leningr\u00e1db\u00f3l Kolumbi\u00e1ba k\u00fcld\u00f6tt aj\u00e1nlott levelez\u0151lap \u2013 CCCP 1931. szeptember 25-i rep\u00fcl\u00e9s alkalmi b\u00e9lyegz\u0151j\u00e9vel, szovjet \u00e9s kolumbiai b\u00e9lyegekkel vegyesen"},"content":{"rendered":"","protected":false},"excerpt":{"rendered":"","protected":false},"featured_media":31796,"template":"","meta":[],"product_brand":[],"product_cat":[1737,1177],"product_tag":[1669,116,97,115,1041,89,1006,172],"class_list":{"0":"post-27814","1":"product","2":"type-product","3":"status-publish","4":"has-post-thumbnail","6":"product_cat-kolumbia","7":"product_cat-oroszorszag","8":"product_tag-3rd-auction","9":"product_tag-belyeg","10":"product_tag-kepeslap","11":"product_tag-legiposta","12":"product_tag-marcophily-hu","13":"product_tag-postatortenet","14":"product_tag-unsold","15":"product_tag-vegyes-bermentesites","17":"first","18":"instock","19":"sold-individually","20":"shipping-taxable","21":"purchasable","22":"product-type-simple"},"_links":{"self":[{"href":"https:\/\/stampcurio.com\/hu\/wp-json\/wp\/v2\/product\/27814","targetHints":{"allow":["GET"]}}],"collection":[{"href":"https:\/\/stampcurio.com\/hu\/wp-json\/wp\/v2\/product"}],"about":[{"href":"https:\/\/stampcurio.com\/hu\/wp-json\/wp\/v2\/types\/product"}],"wp:featuredmedia":[{"embeddable":true,"href":"https:\/\/stampcurio.com\/hu\/wp-json\/wp\/v2\/media\/31796"}],"wp:attachment":[{"href":"https:\/\/stampcurio.com\/hu\/wp-json\/wp\/v2\/media?parent=27814"}],"wp:term":[{"taxonomy":"product_brand","embeddable":true,"href":"https:\/\/stampcurio.com\/hu\/wp-json\/wp\/v2\/product_brand?post=27814"},{"taxonomy":"product_cat","embeddable":true,"href":"https:\/\/stampcurio.com\/hu\/wp-json\/wp\/v2\/product_cat?post=27814"},{"taxonomy":"product_tag","embeddable":true,"href":"https:\/\/stampcurio.com\/hu\/wp-json\/wp\/v2\/product_tag?post=27814"}],"curies":[{"name":"wp","href":"https:\/\/api.w.org\/{rel}","templated":true}]}}