{"id":27813,"date":"2025-11-24T16:32:46","date_gmt":"2025-11-24T15:32:46","guid":{"rendered":"https:\/\/stampcurio.com\/product\/1898-chile-nemetorszagba-kuldott-dijjegyes-boritek-4-belyeges-dijkiegeszitessel\/"},"modified":"2026-01-05T15:02:39","modified_gmt":"2026-01-05T14:02:39","slug":"1898-chile-dijjegyes-boritek-4-belyeges-dijkiegeszitessel-nemetorszagba-kuldve","status":"publish","type":"product","link":"https:\/\/stampcurio.com\/hu\/termek\/1898-chile-dijjegyes-boritek-4-belyeges-dijkiegeszitessel-nemetorszagba-kuldve\/","title":{"rendered":"1898 Chile &#8211; d\u00edjjegyes bor\u00edt\u00e9k 4 b\u00e9lyeges d\u00edjkieg\u00e9sz\u00edt\u00e9ssel N\u00e9metorsz\u00e1gba k\u00fcldve"},"content":{"rendered":"","protected":false},"excerpt":{"rendered":"","protected":false},"featured_media":31792,"template":"","meta":[],"product_brand":[],"product_cat":[1244,1175],"product_tag":[1669,116,74,89,1006],"class_list":{"0":"post-27813","1":"product","2":"type-product","3":"status-publish","4":"has-post-thumbnail","6":"product_cat-chile","7":"product_cat-nemetorszag","8":"product_tag-3rd-auction","9":"product_tag-belyeg","10":"product_tag-dijjegyes","11":"product_tag-postatortenet","12":"product_tag-unsold","14":"first","15":"instock","16":"sold-individually","17":"shipping-taxable","18":"purchasable","19":"product-type-simple"},"_links":{"self":[{"href":"https:\/\/stampcurio.com\/hu\/wp-json\/wp\/v2\/product\/27813","targetHints":{"allow":["GET"]}}],"collection":[{"href":"https:\/\/stampcurio.com\/hu\/wp-json\/wp\/v2\/product"}],"about":[{"href":"https:\/\/stampcurio.com\/hu\/wp-json\/wp\/v2\/types\/product"}],"wp:featuredmedia":[{"embeddable":true,"href":"https:\/\/stampcurio.com\/hu\/wp-json\/wp\/v2\/media\/31792"}],"wp:attachment":[{"href":"https:\/\/stampcurio.com\/hu\/wp-json\/wp\/v2\/media?parent=27813"}],"wp:term":[{"taxonomy":"product_brand","embeddable":true,"href":"https:\/\/stampcurio.com\/hu\/wp-json\/wp\/v2\/product_brand?post=27813"},{"taxonomy":"product_cat","embeddable":true,"href":"https:\/\/stampcurio.com\/hu\/wp-json\/wp\/v2\/product_cat?post=27813"},{"taxonomy":"product_tag","embeddable":true,"href":"https:\/\/stampcurio.com\/hu\/wp-json\/wp\/v2\/product_tag?post=27813"}],"curies":[{"name":"wp","href":"https:\/\/api.w.org\/{rel}","templated":true}]}}