{"id":27812,"date":"2025-11-24T16:32:46","date_gmt":"2025-11-24T15:32:46","guid":{"rendered":"https:\/\/stampcurio.com\/product\/1933-lichtenstein-legiposta-svajcba-kuldve-becs-budapesten-keresztuk-kronfeld-vitorlas-repules-lichtensteinben-feladva-regierung-dienstsache-belyeggel\/"},"modified":"2025-12-05T04:00:35","modified_gmt":"2025-12-05T03:00:35","slug":"1933-lichtenstein-filatelista-legiposta-levelezolap-az-1932-evi-hivatalos-belyegekkel-svajcba-kuldve-becs-budapesten-kronfeld-vitorlas-repules","status":"publish","type":"product","link":"https:\/\/stampcurio.com\/hu\/termek\/1933-lichtenstein-filatelista-legiposta-levelezolap-az-1932-evi-hivatalos-belyegekkel-svajcba-kuldve-becs-budapesten-kronfeld-vitorlas-repules\/","title":{"rendered":"1933 Lichtenstein &#8211; filatelista l\u00e9giposta levelez\u0151lap az 1932. \u00e9vi hivatalos b\u00e9lyegekkel Sv\u00e1jcba k\u00fcldve. B\u00e9cs-Budapesten Kronfeld vitorl\u00e1s rep\u00fcl\u00e9s."},"content":{"rendered":"","protected":false},"excerpt":{"rendered":"","protected":false},"featured_media":31786,"template":"","meta":[],"product_brand":[],"product_cat":[1178,1702,1172,1191],"product_tag":[1669,116,115,1041,89],"class_list":{"0":"post-27812","1":"product","2":"type-product","3":"status-publish","4":"has-post-thumbnail","6":"product_cat-ausztria","7":"product_cat-lichtenstein","8":"product_cat-magyarorszag","9":"product_cat-svajc","10":"product_tag-3rd-auction","11":"product_tag-belyeg","12":"product_tag-legiposta","13":"product_tag-marcophily-hu","14":"product_tag-postatortenet","16":"first","17":"outofstock","18":"sold-individually","19":"shipping-taxable","20":"purchasable","21":"product-type-simple"},"_links":{"self":[{"href":"https:\/\/stampcurio.com\/hu\/wp-json\/wp\/v2\/product\/27812","targetHints":{"allow":["GET"]}}],"collection":[{"href":"https:\/\/stampcurio.com\/hu\/wp-json\/wp\/v2\/product"}],"about":[{"href":"https:\/\/stampcurio.com\/hu\/wp-json\/wp\/v2\/types\/product"}],"wp:featuredmedia":[{"embeddable":true,"href":"https:\/\/stampcurio.com\/hu\/wp-json\/wp\/v2\/media\/31786"}],"wp:attachment":[{"href":"https:\/\/stampcurio.com\/hu\/wp-json\/wp\/v2\/media?parent=27812"}],"wp:term":[{"taxonomy":"product_brand","embeddable":true,"href":"https:\/\/stampcurio.com\/hu\/wp-json\/wp\/v2\/product_brand?post=27812"},{"taxonomy":"product_cat","embeddable":true,"href":"https:\/\/stampcurio.com\/hu\/wp-json\/wp\/v2\/product_cat?post=27812"},{"taxonomy":"product_tag","embeddable":true,"href":"https:\/\/stampcurio.com\/hu\/wp-json\/wp\/v2\/product_tag?post=27812"}],"curies":[{"name":"wp","href":"https:\/\/api.w.org\/{rel}","templated":true}]}}