{"id":27811,"date":"2025-11-24T16:32:45","date_gmt":"2025-11-24T15:32:45","guid":{"rendered":"https:\/\/stampcurio.com\/product\/1957-eszak-korea-magyarorszagra-kuldott-illusztralt-boritek-csunya-feju-aratolany-belyeggel-dekorativ-szep-2-db-ivszeles-10-won-belyeggel-kiegeszitve\/"},"modified":"2026-01-05T15:02:39","modified_gmt":"2026-01-05T14:02:39","slug":"1957-eszak-korea-magyarorszagra-kuldott-illusztralt-boritek-ket-ivszeles-1956-evi-parasztasszony-10-won-belyeggel-bermentesitve","status":"publish","type":"product","link":"https:\/\/stampcurio.com\/hu\/termek\/1957-eszak-korea-magyarorszagra-kuldott-illusztralt-boritek-ket-ivszeles-1956-evi-parasztasszony-10-won-belyeggel-bermentesitve\/","title":{"rendered":"1957 \u00c9szak-Korea &#8211; Magyarorsz\u00e1gra k\u00fcld\u00f6tt illusztr\u00e1lt bor\u00edt\u00e9k,  k\u00e9t \u00edvsz\u00e9les 1956. \u00e9vi &#8220;Parasztasszony&#8221; 10 won b\u00e9lyeggel b\u00e9rmentes\u00edtve"},"content":{"rendered":"","protected":false},"excerpt":{"rendered":"","protected":false},"featured_media":30796,"template":"","meta":[],"product_brand":[],"product_cat":[1225],"product_tag":[1669,116,89,217,1006],"class_list":{"0":"post-27811","1":"product","2":"type-product","3":"status-publish","4":"has-post-thumbnail","6":"product_cat-eszak-korea","7":"product_tag-3rd-auction","8":"product_tag-belyeg","9":"product_tag-postatortenet","10":"product_tag-tevnyomat","11":"product_tag-unsold","13":"first","14":"instock","15":"sold-individually","16":"shipping-taxable","17":"purchasable","18":"product-type-simple"},"_links":{"self":[{"href":"https:\/\/stampcurio.com\/hu\/wp-json\/wp\/v2\/product\/27811","targetHints":{"allow":["GET"]}}],"collection":[{"href":"https:\/\/stampcurio.com\/hu\/wp-json\/wp\/v2\/product"}],"about":[{"href":"https:\/\/stampcurio.com\/hu\/wp-json\/wp\/v2\/types\/product"}],"wp:featuredmedia":[{"embeddable":true,"href":"https:\/\/stampcurio.com\/hu\/wp-json\/wp\/v2\/media\/30796"}],"wp:attachment":[{"href":"https:\/\/stampcurio.com\/hu\/wp-json\/wp\/v2\/media?parent=27811"}],"wp:term":[{"taxonomy":"product_brand","embeddable":true,"href":"https:\/\/stampcurio.com\/hu\/wp-json\/wp\/v2\/product_brand?post=27811"},{"taxonomy":"product_cat","embeddable":true,"href":"https:\/\/stampcurio.com\/hu\/wp-json\/wp\/v2\/product_cat?post=27811"},{"taxonomy":"product_tag","embeddable":true,"href":"https:\/\/stampcurio.com\/hu\/wp-json\/wp\/v2\/product_tag?post=27811"}],"curies":[{"name":"wp","href":"https:\/\/api.w.org\/{rel}","templated":true}]}}