{"id":27809,"date":"2025-11-24T16:32:45","date_gmt":"2025-11-24T15:32:45","guid":{"rendered":"https:\/\/stampcurio.com\/product\/1871-romania-15-bani-szep-galatz-gyuszubelyegzes-mi-240-eur\/"},"modified":"2026-01-05T15:02:39","modified_gmt":"2026-01-05T14:02:39","slug":"1871-romania-15-bani-szep-galatz-gyuszubelyegzes-mi-240-eur","status":"publish","type":"product","link":"https:\/\/stampcurio.com\/hu\/termek\/1871-romania-15-bani-szep-galatz-gyuszubelyegzes-mi-240-eur\/","title":{"rendered":"1871 Rom\u00e1nia &#8211; 15 bani sz\u00e9p GALATZ gy\u0171sz\u0171b\u00e9lyegz\u00e9s | Mi: 240 EUR"},"content":{"rendered":"","protected":false},"excerpt":{"rendered":"","protected":false},"featured_media":34321,"template":"","meta":[],"product_brand":[],"product_cat":[1208],"product_tag":[1669,116,1041,1006],"class_list":{"0":"post-27809","1":"product","2":"type-product","3":"status-publish","4":"has-post-thumbnail","6":"product_cat-romania","7":"product_tag-3rd-auction","8":"product_tag-belyeg","9":"product_tag-marcophily-hu","10":"product_tag-unsold","12":"first","13":"instock","14":"sold-individually","15":"shipping-taxable","16":"purchasable","17":"product-type-simple"},"_links":{"self":[{"href":"https:\/\/stampcurio.com\/hu\/wp-json\/wp\/v2\/product\/27809","targetHints":{"allow":["GET"]}}],"collection":[{"href":"https:\/\/stampcurio.com\/hu\/wp-json\/wp\/v2\/product"}],"about":[{"href":"https:\/\/stampcurio.com\/hu\/wp-json\/wp\/v2\/types\/product"}],"wp:featuredmedia":[{"embeddable":true,"href":"https:\/\/stampcurio.com\/hu\/wp-json\/wp\/v2\/media\/34321"}],"wp:attachment":[{"href":"https:\/\/stampcurio.com\/hu\/wp-json\/wp\/v2\/media?parent=27809"}],"wp:term":[{"taxonomy":"product_brand","embeddable":true,"href":"https:\/\/stampcurio.com\/hu\/wp-json\/wp\/v2\/product_brand?post=27809"},{"taxonomy":"product_cat","embeddable":true,"href":"https:\/\/stampcurio.com\/hu\/wp-json\/wp\/v2\/product_cat?post=27809"},{"taxonomy":"product_tag","embeddable":true,"href":"https:\/\/stampcurio.com\/hu\/wp-json\/wp\/v2\/product_tag?post=27809"}],"curies":[{"name":"wp","href":"https:\/\/api.w.org\/{rel}","templated":true}]}}