{"id":27808,"date":"2025-11-24T16:32:44","date_gmt":"2025-11-24T15:32:44","guid":{"rendered":"https:\/\/stampcurio.com\/product\/1865-romania-20-para-mi-45-eur\/"},"modified":"2026-01-05T15:02:40","modified_gmt":"2026-01-05T14:02:40","slug":"1865-romania-20-para-kivagason-mi-45-eur","status":"publish","type":"product","link":"https:\/\/stampcurio.com\/hu\/termek\/1865-romania-20-para-kivagason-mi-45-eur\/","title":{"rendered":"1865 Rom\u00e1nia &#8211; 20 para kiv\u00e1g\u00e1son | Mi: 45 EUR"},"content":{"rendered":"","protected":false},"excerpt":{"rendered":"","protected":false},"featured_media":34297,"template":"","meta":[],"product_brand":[],"product_cat":[1208],"product_tag":[1669,116,1006],"class_list":{"0":"post-27808","1":"product","2":"type-product","3":"status-publish","4":"has-post-thumbnail","6":"product_cat-romania","7":"product_tag-3rd-auction","8":"product_tag-belyeg","9":"product_tag-unsold","11":"first","12":"instock","13":"sold-individually","14":"shipping-taxable","15":"purchasable","16":"product-type-simple"},"_links":{"self":[{"href":"https:\/\/stampcurio.com\/hu\/wp-json\/wp\/v2\/product\/27808","targetHints":{"allow":["GET"]}}],"collection":[{"href":"https:\/\/stampcurio.com\/hu\/wp-json\/wp\/v2\/product"}],"about":[{"href":"https:\/\/stampcurio.com\/hu\/wp-json\/wp\/v2\/types\/product"}],"wp:featuredmedia":[{"embeddable":true,"href":"https:\/\/stampcurio.com\/hu\/wp-json\/wp\/v2\/media\/34297"}],"wp:attachment":[{"href":"https:\/\/stampcurio.com\/hu\/wp-json\/wp\/v2\/media?parent=27808"}],"wp:term":[{"taxonomy":"product_brand","embeddable":true,"href":"https:\/\/stampcurio.com\/hu\/wp-json\/wp\/v2\/product_brand?post=27808"},{"taxonomy":"product_cat","embeddable":true,"href":"https:\/\/stampcurio.com\/hu\/wp-json\/wp\/v2\/product_cat?post=27808"},{"taxonomy":"product_tag","embeddable":true,"href":"https:\/\/stampcurio.com\/hu\/wp-json\/wp\/v2\/product_tag?post=27808"}],"curies":[{"name":"wp","href":"https:\/\/api.w.org\/{rel}","templated":true}]}}