{"id":27807,"date":"2025-11-24T16:32:44","date_gmt":"2025-11-24T15:32:44","guid":{"rendered":"https:\/\/stampcurio.com\/product\/1913-magyarorszag-sms-szigetvar-matrozanak-kudott-levelezolap-szep-sms-erkezesi-belyegzovel\/"},"modified":"2026-01-05T15:02:40","modified_gmt":"2026-01-05T14:02:40","slug":"1913-magyarorszag-szigetvar-hajo-matrozanak-kudott-levelezolap-szep-sms-szigetvar-erkezesi-hajo-belyegzovel","status":"publish","type":"product","link":"https:\/\/stampcurio.com\/hu\/termek\/1913-magyarorszag-szigetvar-hajo-matrozanak-kudott-levelezolap-szep-sms-szigetvar-erkezesi-hajo-belyegzovel\/","title":{"rendered":"1913 Magyarorsz\u00e1g &#8211; Szigetv\u00e1r haj\u00f3 matr\u00f3z\u00e1nak k\u00fcd\u00f6tt levelez\u0151lap sz\u00e9p SMS Szigetv\u00e1r \u00e9rkez\u00e9si haj\u00f3 b\u00e9lyegz\u0151vel"},"content":{"rendered":"","protected":false},"excerpt":{"rendered":"","protected":false},"featured_media":30772,"template":"","meta":[],"product_brand":[],"product_cat":[1178,1192,1172],"product_tag":[1669,97,1041,89,208,1006],"class_list":{"0":"post-27807","1":"product","2":"type-product","3":"status-publish","4":"has-post-thumbnail","6":"product_cat-ausztria","7":"product_cat-horvatorszag","8":"product_cat-magyarorszag","9":"product_tag-3rd-auction","10":"product_tag-kepeslap","11":"product_tag-marcophily-hu","12":"product_tag-postatortenet","13":"product_tag-tabori-posta","14":"product_tag-unsold","16":"first","17":"instock","18":"sold-individually","19":"shipping-taxable","20":"purchasable","21":"product-type-simple"},"_links":{"self":[{"href":"https:\/\/stampcurio.com\/hu\/wp-json\/wp\/v2\/product\/27807","targetHints":{"allow":["GET"]}}],"collection":[{"href":"https:\/\/stampcurio.com\/hu\/wp-json\/wp\/v2\/product"}],"about":[{"href":"https:\/\/stampcurio.com\/hu\/wp-json\/wp\/v2\/types\/product"}],"wp:featuredmedia":[{"embeddable":true,"href":"https:\/\/stampcurio.com\/hu\/wp-json\/wp\/v2\/media\/30772"}],"wp:attachment":[{"href":"https:\/\/stampcurio.com\/hu\/wp-json\/wp\/v2\/media?parent=27807"}],"wp:term":[{"taxonomy":"product_brand","embeddable":true,"href":"https:\/\/stampcurio.com\/hu\/wp-json\/wp\/v2\/product_brand?post=27807"},{"taxonomy":"product_cat","embeddable":true,"href":"https:\/\/stampcurio.com\/hu\/wp-json\/wp\/v2\/product_cat?post=27807"},{"taxonomy":"product_tag","embeddable":true,"href":"https:\/\/stampcurio.com\/hu\/wp-json\/wp\/v2\/product_tag?post=27807"}],"curies":[{"name":"wp","href":"https:\/\/api.w.org\/{rel}","templated":true}]}}