{"id":27806,"date":"2025-11-24T16:32:44","date_gmt":"2025-11-24T15:32:44","guid":{"rendered":"https:\/\/stampcurio.com\/product\/1890-ausztria-ujsagbelyeg-25-kr-postatiszta-ertek-13-fogazat-ferchenbauer-375-eur-signed-pruf-a-hatoldalon-szep-minoseg\/"},"modified":"2026-01-05T15:02:40","modified_gmt":"2026-01-05T14:02:40","slug":"1890-ausztria-ujsagbelyeg-postatiszta-25-kr-13-fogazattal-szigno-es-pruf-belyegzo-a-hatoldalon-szep-minoseg-ferchenbauer-375-eur","status":"publish","type":"product","link":"https:\/\/stampcurio.com\/hu\/termek\/1890-ausztria-ujsagbelyeg-postatiszta-25-kr-13-fogazattal-szigno-es-pruf-belyegzo-a-hatoldalon-szep-minoseg-ferchenbauer-375-eur\/","title":{"rendered":"1890 Ausztria &#8211; \u00fajs\u00e1gb\u00e9lyeg postatiszta ** 25 kr 13 fogazattal, szigno \u00e9s pr\u00fcf b\u00e9lyegz\u0151 a h\u00e1toldalon \u2013 sz\u00e9p min\u0151s\u00e9g | Ferchenbauer: 375 EUR"},"content":{"rendered":"","protected":false},"excerpt":{"rendered":"","protected":false},"featured_media":34305,"template":"","meta":[],"product_brand":[],"product_cat":[1178],"product_tag":[1669,116,1006],"class_list":{"0":"post-27806","1":"product","2":"type-product","3":"status-publish","4":"has-post-thumbnail","6":"product_cat-ausztria","7":"product_tag-3rd-auction","8":"product_tag-belyeg","9":"product_tag-unsold","11":"first","12":"instock","13":"sold-individually","14":"shipping-taxable","15":"purchasable","16":"product-type-simple"},"_links":{"self":[{"href":"https:\/\/stampcurio.com\/hu\/wp-json\/wp\/v2\/product\/27806","targetHints":{"allow":["GET"]}}],"collection":[{"href":"https:\/\/stampcurio.com\/hu\/wp-json\/wp\/v2\/product"}],"about":[{"href":"https:\/\/stampcurio.com\/hu\/wp-json\/wp\/v2\/types\/product"}],"wp:featuredmedia":[{"embeddable":true,"href":"https:\/\/stampcurio.com\/hu\/wp-json\/wp\/v2\/media\/34305"}],"wp:attachment":[{"href":"https:\/\/stampcurio.com\/hu\/wp-json\/wp\/v2\/media?parent=27806"}],"wp:term":[{"taxonomy":"product_brand","embeddable":true,"href":"https:\/\/stampcurio.com\/hu\/wp-json\/wp\/v2\/product_brand?post=27806"},{"taxonomy":"product_cat","embeddable":true,"href":"https:\/\/stampcurio.com\/hu\/wp-json\/wp\/v2\/product_cat?post=27806"},{"taxonomy":"product_tag","embeddable":true,"href":"https:\/\/stampcurio.com\/hu\/wp-json\/wp\/v2\/product_tag?post=27806"}],"curies":[{"name":"wp","href":"https:\/\/api.w.org\/{rel}","templated":true}]}}