{"id":27804,"date":"2025-11-24T16:32:43","date_gmt":"2025-11-24T15:32:43","guid":{"rendered":"https:\/\/stampcurio.com\/product\/1890-ausztria-ujsagbelyeg-25-kr-pecsetelt-ertek-125-fogazat-ferchenbauer-275-eur-signed\/"},"modified":"2026-01-05T15:02:41","modified_gmt":"2026-01-05T14:02:41","slug":"1890-ausztria-ujsagbelyeg-hasznalt-25-kr-125-fogazattal-szigno-hatoldalon-szep-minoseg-ferchenbauer-275-eur","status":"publish","type":"product","link":"https:\/\/stampcurio.com\/hu\/termek\/1890-ausztria-ujsagbelyeg-hasznalt-25-kr-125-fogazattal-szigno-hatoldalon-szep-minoseg-ferchenbauer-275-eur\/","title":{"rendered":"1890 Ausztria \u2013 \u00fajs\u00e1gb\u00e9lyeg haszn\u00e1lt 25 kr 12,5 fogazattal, szigno h\u00e1toldalon \u2013 sz\u00e9p min\u0151s\u00e9g | Ferchenbauer: 275 EUR"},"content":{"rendered":"","protected":false},"excerpt":{"rendered":"","protected":false},"featured_media":34313,"template":"","meta":[],"product_brand":[],"product_cat":[1178],"product_tag":[1669,116,1006],"class_list":{"0":"post-27804","1":"product","2":"type-product","3":"status-publish","4":"has-post-thumbnail","6":"product_cat-ausztria","7":"product_tag-3rd-auction","8":"product_tag-belyeg","9":"product_tag-unsold","11":"first","12":"instock","13":"sold-individually","14":"shipping-taxable","15":"purchasable","16":"product-type-simple"},"_links":{"self":[{"href":"https:\/\/stampcurio.com\/hu\/wp-json\/wp\/v2\/product\/27804","targetHints":{"allow":["GET"]}}],"collection":[{"href":"https:\/\/stampcurio.com\/hu\/wp-json\/wp\/v2\/product"}],"about":[{"href":"https:\/\/stampcurio.com\/hu\/wp-json\/wp\/v2\/types\/product"}],"wp:featuredmedia":[{"embeddable":true,"href":"https:\/\/stampcurio.com\/hu\/wp-json\/wp\/v2\/media\/34313"}],"wp:attachment":[{"href":"https:\/\/stampcurio.com\/hu\/wp-json\/wp\/v2\/media?parent=27804"}],"wp:term":[{"taxonomy":"product_brand","embeddable":true,"href":"https:\/\/stampcurio.com\/hu\/wp-json\/wp\/v2\/product_brand?post=27804"},{"taxonomy":"product_cat","embeddable":true,"href":"https:\/\/stampcurio.com\/hu\/wp-json\/wp\/v2\/product_cat?post=27804"},{"taxonomy":"product_tag","embeddable":true,"href":"https:\/\/stampcurio.com\/hu\/wp-json\/wp\/v2\/product_tag?post=27804"}],"curies":[{"name":"wp","href":"https:\/\/api.w.org\/{rel}","templated":true}]}}