{"id":27803,"date":"2025-11-24T16:32:43","date_gmt":"2025-11-24T15:32:43","guid":{"rendered":"https:\/\/stampcurio.com\/product\/1860-amerikai-egyesult-allamok-1860-korul-new-yorkban-feladott-level-boriba-cimezve-rakovecz-kulterulete-ocskay-rudolf-levelezes-england-gozhajon-piros-new-york-paid-all-br-transit-belye\/"},"modified":"2025-12-05T04:00:38","modified_gmt":"2025-12-05T03:00:38","slug":"1860-amerikai-egyesult-allamok-1860-korul-new-yorkban-feladott-level-az-england-gozhajon-tovabbitva-boriba-cimezve-ocskay-rudolf-levelezes-piros-new-york-paid-all-br-transit-belyegzove","status":"publish","type":"product","link":"https:\/\/stampcurio.com\/hu\/termek\/1860-amerikai-egyesult-allamok-1860-korul-new-yorkban-feladott-level-az-england-gozhajon-tovabbitva-boriba-cimezve-ocskay-rudolf-levelezes-piros-new-york-paid-all-br-transit-belyegzove\/","title":{"rendered":"1860 Amerikai Egyes\u00fclt \u00c1llamok &#8211; 1860 k\u00f6r\u00fcl New Yorkban feladott lev\u00e9l az England g\u0151zhaj\u00f3n tov\u00e1bb\u00edtva, Boriba c\u00edmezve, Ocskay Rudolf levelez\u00e9s \u2013 piros NEW YORK PAID ALL \/ BR TRANSIT b\u00e9lyegz\u0151vel"},"content":{"rendered":"","protected":false},"excerpt":{"rendered":"<p>Ritka destinc\u00e1i\u00f3.<\/p>\n<p>Az \u00e1rver\u00e9sen 2417. sz\u00e1mon tal\u00e1lhat\u00f3 a bor\u00edt\u00e9k \u201cp\u00e1rja\u201d, egy RAKOVICZb\u00f3l az USA-ba k\u00fcdl\u00f6tt bor\u00edt\u00e9k.<\/p>\n","protected":false},"featured_media":31766,"template":"","meta":[],"product_brand":[],"product_cat":[1204,1172,1189],"product_tag":[1669,116,1041,89,1631],"class_list":{"0":"post-27803","1":"product","2":"type-product","3":"status-publish","4":"has-post-thumbnail","6":"product_cat-amerikai-egyesult-allamok","7":"product_cat-magyarorszag","8":"product_cat-szlovakia","9":"product_tag-3rd-auction","10":"product_tag-belyeg","11":"product_tag-marcophily-hu","12":"product_tag-postatortenet","13":"product_tag-pre-upu","15":"first","16":"outofstock","17":"sold-individually","18":"shipping-taxable","19":"purchasable","20":"product-type-simple"},"_links":{"self":[{"href":"https:\/\/stampcurio.com\/hu\/wp-json\/wp\/v2\/product\/27803","targetHints":{"allow":["GET"]}}],"collection":[{"href":"https:\/\/stampcurio.com\/hu\/wp-json\/wp\/v2\/product"}],"about":[{"href":"https:\/\/stampcurio.com\/hu\/wp-json\/wp\/v2\/types\/product"}],"wp:featuredmedia":[{"embeddable":true,"href":"https:\/\/stampcurio.com\/hu\/wp-json\/wp\/v2\/media\/31766"}],"wp:attachment":[{"href":"https:\/\/stampcurio.com\/hu\/wp-json\/wp\/v2\/media?parent=27803"}],"wp:term":[{"taxonomy":"product_brand","embeddable":true,"href":"https:\/\/stampcurio.com\/hu\/wp-json\/wp\/v2\/product_brand?post=27803"},{"taxonomy":"product_cat","embeddable":true,"href":"https:\/\/stampcurio.com\/hu\/wp-json\/wp\/v2\/product_cat?post=27803"},{"taxonomy":"product_tag","embeddable":true,"href":"https:\/\/stampcurio.com\/hu\/wp-json\/wp\/v2\/product_tag?post=27803"}],"curies":[{"name":"wp","href":"https:\/\/api.w.org\/{rel}","templated":true}]}}