{"id":27802,"date":"2025-11-24T16:32:42","date_gmt":"2025-11-24T15:32:42","guid":{"rendered":"https:\/\/stampcurio.com\/product\/1889-ausztria-ddsg-sor-magyar-belyegzesekkel-pest-vac-baja-semlin\/"},"modified":"2025-12-05T04:00:39","modified_gmt":"2025-12-05T03:00:39","slug":"1889-ausztria-ddsg-belyegek-magyar-belyegzesekkel-pest-vac-baja-semlin","status":"publish","type":"product","link":"https:\/\/stampcurio.com\/hu\/termek\/1889-ausztria-ddsg-belyegek-magyar-belyegzesekkel-pest-vac-baja-semlin\/","title":{"rendered":"1889 Ausztria &#8211; DDSG b\u00e9lyegek magyar b\u00e9lyegz\u00e9sekkel: Pest, V\u00e1c, Baja, Semlin"},"content":{"rendered":"","protected":false},"excerpt":{"rendered":"","protected":false},"featured_media":34293,"template":"","meta":[],"product_brand":[],"product_cat":[1178,1172,1245],"product_tag":[1669,116,323,1041],"class_list":{"0":"post-27802","1":"product","2":"type-product","3":"status-publish","4":"has-post-thumbnail","6":"product_cat-ausztria","7":"product_cat-magyarorszag","8":"product_cat-szerbia","9":"product_tag-3rd-auction","10":"product_tag-belyeg","11":"product_tag-ddsg","12":"product_tag-marcophily-hu","14":"first","15":"outofstock","16":"sold-individually","17":"shipping-taxable","18":"purchasable","19":"product-type-simple"},"_links":{"self":[{"href":"https:\/\/stampcurio.com\/hu\/wp-json\/wp\/v2\/product\/27802","targetHints":{"allow":["GET"]}}],"collection":[{"href":"https:\/\/stampcurio.com\/hu\/wp-json\/wp\/v2\/product"}],"about":[{"href":"https:\/\/stampcurio.com\/hu\/wp-json\/wp\/v2\/types\/product"}],"wp:featuredmedia":[{"embeddable":true,"href":"https:\/\/stampcurio.com\/hu\/wp-json\/wp\/v2\/media\/34293"}],"wp:attachment":[{"href":"https:\/\/stampcurio.com\/hu\/wp-json\/wp\/v2\/media?parent=27802"}],"wp:term":[{"taxonomy":"product_brand","embeddable":true,"href":"https:\/\/stampcurio.com\/hu\/wp-json\/wp\/v2\/product_brand?post=27802"},{"taxonomy":"product_cat","embeddable":true,"href":"https:\/\/stampcurio.com\/hu\/wp-json\/wp\/v2\/product_cat?post=27802"},{"taxonomy":"product_tag","embeddable":true,"href":"https:\/\/stampcurio.com\/hu\/wp-json\/wp\/v2\/product_tag?post=27802"}],"curies":[{"name":"wp","href":"https:\/\/api.w.org\/{rel}","templated":true}]}}