{"id":27800,"date":"2025-11-24T16:32:41","date_gmt":"2025-11-24T15:32:41","guid":{"rendered":"https:\/\/stampcurio.com\/product\/1889-ausztria-ddsg-postatiszta-sor-otos-nelkul-a-sor-postatiszta-ertekei\/"},"modified":"2025-12-05T04:00:39","modified_gmt":"2025-12-05T03:00:39","slug":"1889-ausztria-ddsg-postatiszta-sor-belyegei","status":"publish","type":"product","link":"https:\/\/stampcurio.com\/hu\/termek\/1889-ausztria-ddsg-postatiszta-sor-belyegei\/","title":{"rendered":"1889 Ausztria &#8211; DDSG postatiszta * sor b\u00e9lyegei"},"content":{"rendered":"","protected":false},"excerpt":{"rendered":"<p>Csak az 5 fill\u00e9res \u00e9rt\u00e9k hi\u00e1nyzik.<\/p>\n","protected":false},"featured_media":34325,"template":"","meta":[],"product_brand":[],"product_cat":[1178,1172],"product_tag":[1669,116,323],"class_list":{"0":"post-27800","1":"product","2":"type-product","3":"status-publish","4":"has-post-thumbnail","6":"product_cat-ausztria","7":"product_cat-magyarorszag","8":"product_tag-3rd-auction","9":"product_tag-belyeg","10":"product_tag-ddsg","12":"first","13":"outofstock","14":"sold-individually","15":"shipping-taxable","16":"purchasable","17":"product-type-simple"},"_links":{"self":[{"href":"https:\/\/stampcurio.com\/hu\/wp-json\/wp\/v2\/product\/27800","targetHints":{"allow":["GET"]}}],"collection":[{"href":"https:\/\/stampcurio.com\/hu\/wp-json\/wp\/v2\/product"}],"about":[{"href":"https:\/\/stampcurio.com\/hu\/wp-json\/wp\/v2\/types\/product"}],"wp:featuredmedia":[{"embeddable":true,"href":"https:\/\/stampcurio.com\/hu\/wp-json\/wp\/v2\/media\/34325"}],"wp:attachment":[{"href":"https:\/\/stampcurio.com\/hu\/wp-json\/wp\/v2\/media?parent=27800"}],"wp:term":[{"taxonomy":"product_brand","embeddable":true,"href":"https:\/\/stampcurio.com\/hu\/wp-json\/wp\/v2\/product_brand?post=27800"},{"taxonomy":"product_cat","embeddable":true,"href":"https:\/\/stampcurio.com\/hu\/wp-json\/wp\/v2\/product_cat?post=27800"},{"taxonomy":"product_tag","embeddable":true,"href":"https:\/\/stampcurio.com\/hu\/wp-json\/wp\/v2\/product_tag?post=27800"}],"curies":[{"name":"wp","href":"https:\/\/api.w.org\/{rel}","templated":true}]}}