{"id":2780,"date":"2023-11-14T11:31:28","date_gmt":"2023-11-14T10:31:28","guid":{"rendered":"http:\/\/stampcurio.com\/?post_type=product&#038;p=2780"},"modified":"2025-12-05T04:13:23","modified_gmt":"2025-12-05T03:13:23","slug":"1921-burgenland-lajtaujfalu-osztrak-magyar-vegyes-bermentesites-dijjegyes-levelezolapon-provizorikus-belyegzessel","status":"publish","type":"product","link":"https:\/\/stampcurio.com\/hu\/termek\/1921-burgenland-lajtaujfalu-osztrak-magyar-vegyes-bermentesites-dijjegyes-levelezolapon-provizorikus-belyegzessel\/","title":{"rendered":"1921 Burgenland &#8211; Lajta\u00fajfalu Osztr\u00e1k-magyar vegyes b\u00e9rmentes\u00edt\u00e9s d\u00edjjegyes levelez\u0151lapon, proviz\u00f3rikus b\u00e9lyegz\u00e9ssel"},"content":{"rendered":"","protected":false},"excerpt":{"rendered":"","protected":false},"featured_media":11185,"template":"","meta":[],"product_brand":[],"product_cat":[60,73],"product_tag":[1044,116,67,89,256,172],"class_list":{"0":"post-2780","1":"product","2":"type-product","3":"status-publish","4":"has-post-thumbnail","6":"product_cat-ausztria-1st","7":"product_cat-magyarorszag-1st","8":"product_tag-1st-auction-hu","9":"product_tag-belyeg","10":"product_tag-marcofilatelia","11":"product_tag-postatortenet","12":"product_tag-provizorium","13":"product_tag-vegyes-bermentesites","14":"pa_catalog_id-291","16":"first","17":"instock","18":"sold-individually","19":"shipping-taxable","20":"product-type-simple"},"_links":{"self":[{"href":"https:\/\/stampcurio.com\/hu\/wp-json\/wp\/v2\/product\/2780","targetHints":{"allow":["GET"]}}],"collection":[{"href":"https:\/\/stampcurio.com\/hu\/wp-json\/wp\/v2\/product"}],"about":[{"href":"https:\/\/stampcurio.com\/hu\/wp-json\/wp\/v2\/types\/product"}],"wp:featuredmedia":[{"embeddable":true,"href":"https:\/\/stampcurio.com\/hu\/wp-json\/wp\/v2\/media\/11185"}],"wp:attachment":[{"href":"https:\/\/stampcurio.com\/hu\/wp-json\/wp\/v2\/media?parent=2780"}],"wp:term":[{"taxonomy":"product_brand","embeddable":true,"href":"https:\/\/stampcurio.com\/hu\/wp-json\/wp\/v2\/product_brand?post=2780"},{"taxonomy":"product_cat","embeddable":true,"href":"https:\/\/stampcurio.com\/hu\/wp-json\/wp\/v2\/product_cat?post=2780"},{"taxonomy":"product_tag","embeddable":true,"href":"https:\/\/stampcurio.com\/hu\/wp-json\/wp\/v2\/product_tag?post=2780"}],"curies":[{"name":"wp","href":"https:\/\/api.w.org\/{rel}","templated":true}]}}