{"id":27799,"date":"2025-11-24T16:32:41","date_gmt":"2025-11-24T15:32:41","guid":{"rendered":"https:\/\/stampcurio.com\/product\/1887-ausztria-ddsg-teljes-sor-enyvezes-nelkul-szep-allapotban\/"},"modified":"2025-12-05T04:00:39","modified_gmt":"2025-12-05T03:00:39","slug":"1887-ausztria-ddsg-teljes-sor-enyvezes-nelkul-szep-allapotban","status":"publish","type":"product","link":"https:\/\/stampcurio.com\/hu\/termek\/1887-ausztria-ddsg-teljes-sor-enyvezes-nelkul-szep-allapotban\/","title":{"rendered":"1887 Ausztria &#8211; DDSG teljes sor enyvez\u00e9s n\u00e9lk\u00fcl, sz\u00e9p \u00e1llapotban"},"content":{"rendered":"","protected":false},"excerpt":{"rendered":"","protected":false},"featured_media":34301,"template":"","meta":[],"product_brand":[],"product_cat":[1178,1172],"product_tag":[1669,116,323],"class_list":{"0":"post-27799","1":"product","2":"type-product","3":"status-publish","4":"has-post-thumbnail","6":"product_cat-ausztria","7":"product_cat-magyarorszag","8":"product_tag-3rd-auction","9":"product_tag-belyeg","10":"product_tag-ddsg","12":"first","13":"outofstock","14":"sold-individually","15":"shipping-taxable","16":"purchasable","17":"product-type-simple"},"_links":{"self":[{"href":"https:\/\/stampcurio.com\/hu\/wp-json\/wp\/v2\/product\/27799","targetHints":{"allow":["GET"]}}],"collection":[{"href":"https:\/\/stampcurio.com\/hu\/wp-json\/wp\/v2\/product"}],"about":[{"href":"https:\/\/stampcurio.com\/hu\/wp-json\/wp\/v2\/types\/product"}],"wp:featuredmedia":[{"embeddable":true,"href":"https:\/\/stampcurio.com\/hu\/wp-json\/wp\/v2\/media\/34301"}],"wp:attachment":[{"href":"https:\/\/stampcurio.com\/hu\/wp-json\/wp\/v2\/media?parent=27799"}],"wp:term":[{"taxonomy":"product_brand","embeddable":true,"href":"https:\/\/stampcurio.com\/hu\/wp-json\/wp\/v2\/product_brand?post=27799"},{"taxonomy":"product_cat","embeddable":true,"href":"https:\/\/stampcurio.com\/hu\/wp-json\/wp\/v2\/product_cat?post=27799"},{"taxonomy":"product_tag","embeddable":true,"href":"https:\/\/stampcurio.com\/hu\/wp-json\/wp\/v2\/product_tag?post=27799"}],"curies":[{"name":"wp","href":"https:\/\/api.w.org\/{rel}","templated":true}]}}