{"id":27798,"date":"2025-11-24T16:32:41","date_gmt":"2025-11-24T15:32:41","guid":{"rendered":"https:\/\/stampcurio.com\/product\/1884-ausztria-5-6-10-krajcar-dght-utanfizetesi-jegy-postatiszta\/"},"modified":"2025-12-05T04:00:39","modified_gmt":"2025-12-05T03:00:39","slug":"1884-magyarorszag-ausztria-dght-ddsg-utanfizetesi-jegy-5610-krajcaros-postatiszta-ertekei","status":"publish","type":"product","link":"https:\/\/stampcurio.com\/hu\/termek\/1884-magyarorszag-ausztria-dght-ddsg-utanfizetesi-jegy-5610-krajcaros-postatiszta-ertekei\/","title":{"rendered":"1884 Magyarorsz\u00e1g &#8211; Ausztria &#8211; DGHT \/ DDSG ut\u00e1nfizet\u00e9si jegy 5,6,10 krajc\u00e1ros postatiszta * \u00e9rt\u00e9kei"},"content":{"rendered":"","protected":false},"excerpt":{"rendered":"","protected":false},"featured_media":34277,"template":"","meta":[],"product_brand":[],"product_cat":[1178,1172,1208],"product_tag":[1669,116,323],"class_list":{"0":"post-27798","1":"product","2":"type-product","3":"status-publish","4":"has-post-thumbnail","6":"product_cat-ausztria","7":"product_cat-magyarorszag","8":"product_cat-romania","9":"product_tag-3rd-auction","10":"product_tag-belyeg","11":"product_tag-ddsg","13":"first","14":"outofstock","15":"sold-individually","16":"shipping-taxable","17":"purchasable","18":"product-type-simple"},"_links":{"self":[{"href":"https:\/\/stampcurio.com\/hu\/wp-json\/wp\/v2\/product\/27798","targetHints":{"allow":["GET"]}}],"collection":[{"href":"https:\/\/stampcurio.com\/hu\/wp-json\/wp\/v2\/product"}],"about":[{"href":"https:\/\/stampcurio.com\/hu\/wp-json\/wp\/v2\/types\/product"}],"wp:featuredmedia":[{"embeddable":true,"href":"https:\/\/stampcurio.com\/hu\/wp-json\/wp\/v2\/media\/34277"}],"wp:attachment":[{"href":"https:\/\/stampcurio.com\/hu\/wp-json\/wp\/v2\/media?parent=27798"}],"wp:term":[{"taxonomy":"product_brand","embeddable":true,"href":"https:\/\/stampcurio.com\/hu\/wp-json\/wp\/v2\/product_brand?post=27798"},{"taxonomy":"product_cat","embeddable":true,"href":"https:\/\/stampcurio.com\/hu\/wp-json\/wp\/v2\/product_cat?post=27798"},{"taxonomy":"product_tag","embeddable":true,"href":"https:\/\/stampcurio.com\/hu\/wp-json\/wp\/v2\/product_tag?post=27798"}],"curies":[{"name":"wp","href":"https:\/\/api.w.org\/{rel}","templated":true}]}}