{"id":27796,"date":"2025-11-24T16:32:40","date_gmt":"2025-11-24T15:32:40","guid":{"rendered":"https:\/\/stampcurio.com\/product\/1884-ausztria-450-centimes-calabaluk-fuggoleges-fogazatlan-tizestombben-postatiszta-ritkan-lathato-nagy-osszefugges\/"},"modified":"2025-12-05T04:00:40","modified_gmt":"2025-12-05T03:00:40","slug":"1884-ausztria-ddsg-450-centimes-kalabaluk-fuggolegesen-fogazatlan-postatiszta-tizestomb-ritkan-lathato-nagy-osszefugges-es-tevnyomat","status":"publish","type":"product","link":"https:\/\/stampcurio.com\/hu\/termek\/1884-ausztria-ddsg-450-centimes-kalabaluk-fuggolegesen-fogazatlan-postatiszta-tizestomb-ritkan-lathato-nagy-osszefugges-es-tevnyomat\/","title":{"rendered":"1884 Ausztria &#8211; DDSG 450 centimes KALABAL\u00dcK f\u00fcgg\u0151legesen fogazatlan postatiszta ** tizest\u00f6mb \u2013 ritk\u00e1n l\u00e1that\u00f3 nagy \u00f6sszef\u00fcgg\u00e9s \u00e9s t\u00e9vnyomat"},"content":{"rendered":"","protected":false},"excerpt":{"rendered":"","protected":false},"featured_media":34289,"template":"","meta":[],"product_brand":[],"product_cat":[1178,1172,1208],"product_tag":[1669,116,323,217],"class_list":{"0":"post-27796","1":"product","2":"type-product","3":"status-publish","4":"has-post-thumbnail","6":"product_cat-ausztria","7":"product_cat-magyarorszag","8":"product_cat-romania","9":"product_tag-3rd-auction","10":"product_tag-belyeg","11":"product_tag-ddsg","12":"product_tag-tevnyomat","14":"first","15":"outofstock","16":"sold-individually","17":"shipping-taxable","18":"purchasable","19":"product-type-simple"},"_links":{"self":[{"href":"https:\/\/stampcurio.com\/hu\/wp-json\/wp\/v2\/product\/27796","targetHints":{"allow":["GET"]}}],"collection":[{"href":"https:\/\/stampcurio.com\/hu\/wp-json\/wp\/v2\/product"}],"about":[{"href":"https:\/\/stampcurio.com\/hu\/wp-json\/wp\/v2\/types\/product"}],"wp:featuredmedia":[{"embeddable":true,"href":"https:\/\/stampcurio.com\/hu\/wp-json\/wp\/v2\/media\/34289"}],"wp:attachment":[{"href":"https:\/\/stampcurio.com\/hu\/wp-json\/wp\/v2\/media?parent=27796"}],"wp:term":[{"taxonomy":"product_brand","embeddable":true,"href":"https:\/\/stampcurio.com\/hu\/wp-json\/wp\/v2\/product_brand?post=27796"},{"taxonomy":"product_cat","embeddable":true,"href":"https:\/\/stampcurio.com\/hu\/wp-json\/wp\/v2\/product_cat?post=27796"},{"taxonomy":"product_tag","embeddable":true,"href":"https:\/\/stampcurio.com\/hu\/wp-json\/wp\/v2\/product_tag?post=27796"}],"curies":[{"name":"wp","href":"https:\/\/api.w.org\/{rel}","templated":true}]}}