{"id":27795,"date":"2025-11-24T16:32:39","date_gmt":"2025-11-24T15:32:39","guid":{"rendered":"https:\/\/stampcurio.com\/product\/1850-ausztria-9-kr-brandeis-belyegzes-muller-25\/"},"modified":"2026-01-05T15:02:41","modified_gmt":"2026-01-05T14:02:41","slug":"1850-ausztria-9-krajcaros-belyeg-szep-rossbach-belyegzessel-muller-25-pont","status":"publish","type":"product","link":"https:\/\/stampcurio.com\/hu\/termek\/1850-ausztria-9-krajcaros-belyeg-szep-rossbach-belyegzessel-muller-25-pont\/","title":{"rendered":"1850 Ausztria &#8211; 9 krajc\u00e1ros b\u00e9lyeg sz\u00e9p ROSSBACH b\u00e9lyegz\u00e9ssel | M\u00fcller: 25 pont"},"content":{"rendered":"","protected":false},"excerpt":{"rendered":"","protected":false},"featured_media":30776,"template":"","meta":[],"product_brand":[],"product_cat":[1178,1238],"product_tag":[1669,116,1041,1006],"class_list":{"0":"post-27795","1":"product","2":"type-product","3":"status-publish","4":"has-post-thumbnail","6":"product_cat-ausztria","7":"product_cat-csehorszag","8":"product_tag-3rd-auction","9":"product_tag-belyeg","10":"product_tag-marcophily-hu","11":"product_tag-unsold","13":"first","14":"instock","15":"sold-individually","16":"shipping-taxable","17":"purchasable","18":"product-type-simple"},"_links":{"self":[{"href":"https:\/\/stampcurio.com\/hu\/wp-json\/wp\/v2\/product\/27795","targetHints":{"allow":["GET"]}}],"collection":[{"href":"https:\/\/stampcurio.com\/hu\/wp-json\/wp\/v2\/product"}],"about":[{"href":"https:\/\/stampcurio.com\/hu\/wp-json\/wp\/v2\/types\/product"}],"wp:featuredmedia":[{"embeddable":true,"href":"https:\/\/stampcurio.com\/hu\/wp-json\/wp\/v2\/media\/30776"}],"wp:attachment":[{"href":"https:\/\/stampcurio.com\/hu\/wp-json\/wp\/v2\/media?parent=27795"}],"wp:term":[{"taxonomy":"product_brand","embeddable":true,"href":"https:\/\/stampcurio.com\/hu\/wp-json\/wp\/v2\/product_brand?post=27795"},{"taxonomy":"product_cat","embeddable":true,"href":"https:\/\/stampcurio.com\/hu\/wp-json\/wp\/v2\/product_cat?post=27795"},{"taxonomy":"product_tag","embeddable":true,"href":"https:\/\/stampcurio.com\/hu\/wp-json\/wp\/v2\/product_tag?post=27795"}],"curies":[{"name":"wp","href":"https:\/\/api.w.org\/{rel}","templated":true}]}}