{"id":27794,"date":"2025-11-24T16:32:39","date_gmt":"2025-11-24T15:32:39","guid":{"rendered":"https:\/\/stampcurio.com\/product\/1860-korul-nyugat-india-postatiszta-tizestomb-kezi-ervenytelenitessel-eredeti-enyvezessel-a-kiadasra-jellemzo-megbarnult-szinnel\/"},"modified":"2025-12-05T04:00:41","modified_gmt":"2025-12-05T03:00:41","slug":"1857-spanyol-nyugat-india-2r-enyvezett-tizestomb-kezi-ervenytelenitessel","status":"publish","type":"product","link":"https:\/\/stampcurio.com\/hu\/termek\/1857-spanyol-nyugat-india-2r-enyvezett-tizestomb-kezi-ervenytelenitessel\/","title":{"rendered":"1857 Spanyol Nyugat-India &#8211; 2R enyvezett tizest\u00f6mb k\u00e9zi \u00e9rv\u00e9nytelen\u00edt\u00e9ssel"},"content":{"rendered":"","protected":false},"excerpt":{"rendered":"","protected":false},"featured_media":31312,"template":"","meta":[],"product_brand":[],"product_cat":[1206,1196],"product_tag":[1669,116],"class_list":{"0":"post-27794","1":"product","2":"type-product","3":"status-publish","4":"has-post-thumbnail","6":"product_cat-india","7":"product_cat-spanyolorszag","8":"product_tag-3rd-auction","9":"product_tag-belyeg","11":"first","12":"outofstock","13":"sold-individually","14":"shipping-taxable","15":"purchasable","16":"product-type-simple"},"_links":{"self":[{"href":"https:\/\/stampcurio.com\/hu\/wp-json\/wp\/v2\/product\/27794","targetHints":{"allow":["GET"]}}],"collection":[{"href":"https:\/\/stampcurio.com\/hu\/wp-json\/wp\/v2\/product"}],"about":[{"href":"https:\/\/stampcurio.com\/hu\/wp-json\/wp\/v2\/types\/product"}],"wp:featuredmedia":[{"embeddable":true,"href":"https:\/\/stampcurio.com\/hu\/wp-json\/wp\/v2\/media\/31312"}],"wp:attachment":[{"href":"https:\/\/stampcurio.com\/hu\/wp-json\/wp\/v2\/media?parent=27794"}],"wp:term":[{"taxonomy":"product_brand","embeddable":true,"href":"https:\/\/stampcurio.com\/hu\/wp-json\/wp\/v2\/product_brand?post=27794"},{"taxonomy":"product_cat","embeddable":true,"href":"https:\/\/stampcurio.com\/hu\/wp-json\/wp\/v2\/product_cat?post=27794"},{"taxonomy":"product_tag","embeddable":true,"href":"https:\/\/stampcurio.com\/hu\/wp-json\/wp\/v2\/product_tag?post=27794"}],"curies":[{"name":"wp","href":"https:\/\/api.w.org\/{rel}","templated":true}]}}