{"id":27793,"date":"2025-11-24T16:32:39","date_gmt":"2025-11-24T15:32:39","guid":{"rendered":"https:\/\/stampcurio.com\/product\/1922-magyarorszag-1922-juliusaban-ket-10-filleres-hirlapbelyeg-cimszalagon-felhasznalva-rendkivul-ritkan-lathato-dijlerovas\/"},"modified":"2026-01-05T15:02:41","modified_gmt":"2026-01-05T14:02:41","slug":"1922-magyarorszag-1922-juliusaban-ket-kek-hirlapbelyeg-cimszalagon-felhasznalva-a-kek-hirlapbelyeg-rendkivul-ritkan-lathato-teljes-cimszallagon","status":"publish","type":"product","link":"https:\/\/stampcurio.com\/hu\/termek\/1922-magyarorszag-1922-juliusaban-ket-kek-hirlapbelyeg-cimszalagon-felhasznalva-a-kek-hirlapbelyeg-rendkivul-ritkan-lathato-teljes-cimszallagon\/","title":{"rendered":"1922 Magyarorsz\u00e1g &#8211; 1922 j\u00falius\u00e1ban k\u00e9t k\u00e9k h\u00edrlapb\u00e9lyeg c\u00edmszalagon felhaszn\u00e1lva \u2013 a k\u00e9k h\u00edrlapb\u00e9lyeg rendk\u00edv\u00fcl ritk\u00e1n l\u00e1that\u00f3 teljes c\u00edmszallagon"},"content":{"rendered":"","protected":false},"excerpt":{"rendered":"<p>A 10 fill\u00e9res tarifaid\u0151sz\u00e1k 1922. m\u00e1rcius 31-\u00e9n lez\u00e1rult, ut\u00e1na a megmaradt k\u00e9k h\u00edrlapb\u00e9lyegeket p\u00e1ros\u00e1val haszn\u00e1lt\u00e1k fel a 20 fill\u00e9res \u00faj d\u00edj megfizet\u00e9s\u00e9re.<\/p>\n","protected":false},"featured_media":29412,"template":"","meta":[],"product_brand":[],"product_cat":[1172],"product_tag":[1669,116,259,176,89,1006],"class_list":{"0":"post-27793","1":"product","2":"type-product","3":"status-publish","4":"has-post-thumbnail","6":"product_cat-magyarorszag","7":"product_tag-3rd-auction","8":"product_tag-belyeg","9":"product_tag-cimszalag","10":"product_tag-philagem","11":"product_tag-postatortenet","12":"product_tag-unsold","14":"first","15":"instock","16":"sold-individually","17":"shipping-taxable","18":"purchasable","19":"product-type-simple"},"_links":{"self":[{"href":"https:\/\/stampcurio.com\/hu\/wp-json\/wp\/v2\/product\/27793","targetHints":{"allow":["GET"]}}],"collection":[{"href":"https:\/\/stampcurio.com\/hu\/wp-json\/wp\/v2\/product"}],"about":[{"href":"https:\/\/stampcurio.com\/hu\/wp-json\/wp\/v2\/types\/product"}],"wp:featuredmedia":[{"embeddable":true,"href":"https:\/\/stampcurio.com\/hu\/wp-json\/wp\/v2\/media\/29412"}],"wp:attachment":[{"href":"https:\/\/stampcurio.com\/hu\/wp-json\/wp\/v2\/media?parent=27793"}],"wp:term":[{"taxonomy":"product_brand","embeddable":true,"href":"https:\/\/stampcurio.com\/hu\/wp-json\/wp\/v2\/product_brand?post=27793"},{"taxonomy":"product_cat","embeddable":true,"href":"https:\/\/stampcurio.com\/hu\/wp-json\/wp\/v2\/product_cat?post=27793"},{"taxonomy":"product_tag","embeddable":true,"href":"https:\/\/stampcurio.com\/hu\/wp-json\/wp\/v2\/product_tag?post=27793"}],"curies":[{"name":"wp","href":"https:\/\/api.w.org\/{rel}","templated":true}]}}