{"id":27792,"date":"2025-11-24T16:32:38","date_gmt":"2025-11-24T15:32:38","guid":{"rendered":"https:\/\/stampcurio.com\/product\/1871-magyarorszag-felvagatlan-ujsagcimszalag-felbehajtott-komplett-otos-ivben-hodobay-200-eur\/"},"modified":"2025-12-05T04:00:42","modified_gmt":"2025-12-05T03:00:42","slug":"1871-magyarorszag-hasznalatlan-dijjegyes-cimszalag-felbehajtott-komplett-otos-ivben-eros-hajtasnyommal-hodobay-200-eur","status":"publish","type":"product","link":"https:\/\/stampcurio.com\/hu\/termek\/1871-magyarorszag-hasznalatlan-dijjegyes-cimszalag-felbehajtott-komplett-otos-ivben-eros-hajtasnyommal-hodobay-200-eur\/","title":{"rendered":"1871 Magyarorsz\u00e1g &#8211; haszn\u00e1latlan d\u00edjjegyes c\u00edmszalag f\u00e9lbehajtott komplett \u00f6t\u00f6s \u00edvben, er\u0151s hajt\u00e1snyommal | Hodobay: 200 EUR"},"content":{"rendered":"","protected":false},"excerpt":{"rendered":"","protected":false},"featured_media":30766,"template":"","meta":[],"product_brand":[],"product_cat":[1172],"product_tag":[1669,74,89],"class_list":{"0":"post-27792","1":"product","2":"type-product","3":"status-publish","4":"has-post-thumbnail","6":"product_cat-magyarorszag","7":"product_tag-3rd-auction","8":"product_tag-dijjegyes","9":"product_tag-postatortenet","11":"first","12":"outofstock","13":"sold-individually","14":"shipping-taxable","15":"purchasable","16":"product-type-simple"},"_links":{"self":[{"href":"https:\/\/stampcurio.com\/hu\/wp-json\/wp\/v2\/product\/27792","targetHints":{"allow":["GET"]}}],"collection":[{"href":"https:\/\/stampcurio.com\/hu\/wp-json\/wp\/v2\/product"}],"about":[{"href":"https:\/\/stampcurio.com\/hu\/wp-json\/wp\/v2\/types\/product"}],"wp:featuredmedia":[{"embeddable":true,"href":"https:\/\/stampcurio.com\/hu\/wp-json\/wp\/v2\/media\/30766"}],"wp:attachment":[{"href":"https:\/\/stampcurio.com\/hu\/wp-json\/wp\/v2\/media?parent=27792"}],"wp:term":[{"taxonomy":"product_brand","embeddable":true,"href":"https:\/\/stampcurio.com\/hu\/wp-json\/wp\/v2\/product_brand?post=27792"},{"taxonomy":"product_cat","embeddable":true,"href":"https:\/\/stampcurio.com\/hu\/wp-json\/wp\/v2\/product_cat?post=27792"},{"taxonomy":"product_tag","embeddable":true,"href":"https:\/\/stampcurio.com\/hu\/wp-json\/wp\/v2\/product_tag?post=27792"}],"curies":[{"name":"wp","href":"https:\/\/api.w.org\/{rel}","templated":true}]}}