{"id":27791,"date":"2025-11-24T16:32:38","date_gmt":"2025-11-24T15:32:38","guid":{"rendered":"https:\/\/stampcurio.com\/product\/1900-magyarorszag-ujsagcimszalag-franciaorszagba-kuldve-15-kr-dijkiegeszitessel-iii-sulyu-nyomtatvanykent-feladva\/"},"modified":"2026-01-05T15:02:42","modified_gmt":"2026-01-05T14:02:42","slug":"1900-magyarorszag-ujsagcimszalag-franciaorszagba-kuldve-turul-5-filler-dijlerovassal","status":"publish","type":"product","link":"https:\/\/stampcurio.com\/hu\/termek\/1900-magyarorszag-ujsagcimszalag-franciaorszagba-kuldve-turul-5-filler-dijlerovassal\/","title":{"rendered":"1900 Magyarorsz\u00e1g &#8211; \u00dajs\u00e1gc\u00edmszalag Franciaorsz\u00e1gba k\u00fcldve turul 5 fill\u00e9r d\u00edjlerov\u00e1ssal"},"content":{"rendered":"","protected":false},"excerpt":{"rendered":"<p>A h\u00edrlapb\u00e9lyegeket k\u00fclf\u00f6ldre k\u00fcld\u00f6tt k\u00fcldem\u00e9nyeken nem lehetett felhaszn\u00e1lni, teh\u00e1t a k\u00fclf\u00f6ldre men\u0151 k\u00fcldem\u00e9nyeket postab\u00e9lyeggel kellett b\u00e9rmentes\u00edteni.<\/p>\n","protected":false},"featured_media":29404,"template":"","meta":[],"product_brand":[],"product_cat":[1172],"product_tag":[1669,259,89,1006],"class_list":{"0":"post-27791","1":"product","2":"type-product","3":"status-publish","4":"has-post-thumbnail","6":"product_cat-magyarorszag","7":"product_tag-3rd-auction","8":"product_tag-cimszalag","9":"product_tag-postatortenet","10":"product_tag-unsold","12":"first","13":"instock","14":"sold-individually","15":"shipping-taxable","16":"purchasable","17":"product-type-simple"},"_links":{"self":[{"href":"https:\/\/stampcurio.com\/hu\/wp-json\/wp\/v2\/product\/27791","targetHints":{"allow":["GET"]}}],"collection":[{"href":"https:\/\/stampcurio.com\/hu\/wp-json\/wp\/v2\/product"}],"about":[{"href":"https:\/\/stampcurio.com\/hu\/wp-json\/wp\/v2\/types\/product"}],"wp:featuredmedia":[{"embeddable":true,"href":"https:\/\/stampcurio.com\/hu\/wp-json\/wp\/v2\/media\/29404"}],"wp:attachment":[{"href":"https:\/\/stampcurio.com\/hu\/wp-json\/wp\/v2\/media?parent=27791"}],"wp:term":[{"taxonomy":"product_brand","embeddable":true,"href":"https:\/\/stampcurio.com\/hu\/wp-json\/wp\/v2\/product_brand?post=27791"},{"taxonomy":"product_cat","embeddable":true,"href":"https:\/\/stampcurio.com\/hu\/wp-json\/wp\/v2\/product_cat?post=27791"},{"taxonomy":"product_tag","embeddable":true,"href":"https:\/\/stampcurio.com\/hu\/wp-json\/wp\/v2\/product_tag?post=27791"}],"curies":[{"name":"wp","href":"https:\/\/api.w.org\/{rel}","templated":true}]}}