{"id":27790,"date":"2025-11-24T16:32:37","date_gmt":"2025-11-24T15:32:37","guid":{"rendered":"https:\/\/stampcurio.com\/product\/1874-romania-1874-es-wrapper-1894-ben-felhasznalva-1-kr-dijkiegeszitessel-bukarestbe-kuldve\/"},"modified":"2026-01-05T15:02:42","modified_gmt":"2026-01-05T14:02:42","slug":"1874-magyarorszag-1874-es-kiadasu-cimszallag-1894-ben-romaniaba-kuldve-1-kr-dijkiegeszitessel","status":"publish","type":"product","link":"https:\/\/stampcurio.com\/hu\/termek\/1874-magyarorszag-1874-es-kiadasu-cimszallag-1894-ben-romaniaba-kuldve-1-kr-dijkiegeszitessel\/","title":{"rendered":"1874 Magyarorsz\u00e1g &#8211; 1874-es kiad\u00e1s\u00fa c\u00edmszallag 1894-ben  Rom\u00e1ni\u00e1ba k\u00fcldve 1 kr d\u00edjkieg\u00e9sz\u00edt\u00e9ssel"},"content":{"rendered":"","protected":false},"excerpt":{"rendered":"","protected":false},"featured_media":29392,"template":"","meta":[],"product_brand":[],"product_cat":[1172,1208],"product_tag":[1669,259,89,1006],"class_list":{"0":"post-27790","1":"product","2":"type-product","3":"status-publish","4":"has-post-thumbnail","6":"product_cat-magyarorszag","7":"product_cat-romania","8":"product_tag-3rd-auction","9":"product_tag-cimszalag","10":"product_tag-postatortenet","11":"product_tag-unsold","13":"first","14":"instock","15":"sold-individually","16":"shipping-taxable","17":"purchasable","18":"product-type-simple"},"_links":{"self":[{"href":"https:\/\/stampcurio.com\/hu\/wp-json\/wp\/v2\/product\/27790","targetHints":{"allow":["GET"]}}],"collection":[{"href":"https:\/\/stampcurio.com\/hu\/wp-json\/wp\/v2\/product"}],"about":[{"href":"https:\/\/stampcurio.com\/hu\/wp-json\/wp\/v2\/types\/product"}],"wp:featuredmedia":[{"embeddable":true,"href":"https:\/\/stampcurio.com\/hu\/wp-json\/wp\/v2\/media\/29392"}],"wp:attachment":[{"href":"https:\/\/stampcurio.com\/hu\/wp-json\/wp\/v2\/media?parent=27790"}],"wp:term":[{"taxonomy":"product_brand","embeddable":true,"href":"https:\/\/stampcurio.com\/hu\/wp-json\/wp\/v2\/product_brand?post=27790"},{"taxonomy":"product_cat","embeddable":true,"href":"https:\/\/stampcurio.com\/hu\/wp-json\/wp\/v2\/product_cat?post=27790"},{"taxonomy":"product_tag","embeddable":true,"href":"https:\/\/stampcurio.com\/hu\/wp-json\/wp\/v2\/product_tag?post=27790"}],"curies":[{"name":"wp","href":"https:\/\/api.w.org\/{rel}","templated":true}]}}