{"id":27789,"date":"2025-11-24T16:32:37","date_gmt":"2025-11-24T15:32:37","guid":{"rendered":"https:\/\/stampcurio.com\/product\/1871-magyarorszag-1871-es-wrapper-1879-ben-felhasznalva-arad-regensburg\/"},"modified":"2026-01-05T15:02:42","modified_gmt":"2026-01-05T14:02:42","slug":"1871-magyarorszag-nemetorszagba-kuldott-1871-es-wrapper-1879-ben-felhasznalva","status":"publish","type":"product","link":"https:\/\/stampcurio.com\/hu\/termek\/1871-magyarorszag-nemetorszagba-kuldott-1871-es-wrapper-1879-ben-felhasznalva\/","title":{"rendered":"1871 Magyarorsz\u00e1g &#8211; N\u00e9metorsz\u00e1gba k\u00fcld\u00f6tt 1871-es wrapper 1879 (!)-ben felhaszn\u00e1lva"},"content":{"rendered":"","protected":false},"excerpt":{"rendered":"","protected":false},"featured_media":29396,"template":"","meta":[],"product_brand":[],"product_cat":[1172,1175,1208],"product_tag":[1669,259,89,1006],"class_list":{"0":"post-27789","1":"product","2":"type-product","3":"status-publish","4":"has-post-thumbnail","6":"product_cat-magyarorszag","7":"product_cat-nemetorszag","8":"product_cat-romania","9":"product_tag-3rd-auction","10":"product_tag-cimszalag","11":"product_tag-postatortenet","12":"product_tag-unsold","14":"first","15":"instock","16":"sold-individually","17":"shipping-taxable","18":"purchasable","19":"product-type-simple"},"_links":{"self":[{"href":"https:\/\/stampcurio.com\/hu\/wp-json\/wp\/v2\/product\/27789","targetHints":{"allow":["GET"]}}],"collection":[{"href":"https:\/\/stampcurio.com\/hu\/wp-json\/wp\/v2\/product"}],"about":[{"href":"https:\/\/stampcurio.com\/hu\/wp-json\/wp\/v2\/types\/product"}],"wp:featuredmedia":[{"embeddable":true,"href":"https:\/\/stampcurio.com\/hu\/wp-json\/wp\/v2\/media\/29396"}],"wp:attachment":[{"href":"https:\/\/stampcurio.com\/hu\/wp-json\/wp\/v2\/media?parent=27789"}],"wp:term":[{"taxonomy":"product_brand","embeddable":true,"href":"https:\/\/stampcurio.com\/hu\/wp-json\/wp\/v2\/product_brand?post=27789"},{"taxonomy":"product_cat","embeddable":true,"href":"https:\/\/stampcurio.com\/hu\/wp-json\/wp\/v2\/product_cat?post=27789"},{"taxonomy":"product_tag","embeddable":true,"href":"https:\/\/stampcurio.com\/hu\/wp-json\/wp\/v2\/product_tag?post=27789"}],"curies":[{"name":"wp","href":"https:\/\/api.w.org\/{rel}","templated":true}]}}