{"id":27788,"date":"2025-11-24T16:32:34","date_gmt":"2025-11-24T15:32:34","guid":{"rendered":"https:\/\/stampcurio.com\/product\/1871-magyarorszag-1871-es-wrapper-1876-ban-felhasznalva-budapest-edeleny\/"},"modified":"2026-01-05T15:02:42","modified_gmt":"2026-01-05T14:02:42","slug":"1871-magyarorszag-1871-es-kiadasu-cimszalag-1876-ban-felhasznalva-budapestrol-edelenybe-kuldve","status":"publish","type":"product","link":"https:\/\/stampcurio.com\/hu\/termek\/1871-magyarorszag-1871-es-kiadasu-cimszalag-1876-ban-felhasznalva-budapestrol-edelenybe-kuldve\/","title":{"rendered":"1871 Magyarorsz\u00e1g &#8211; 1871-es kiad\u00e1s\u00fa c\u00edmszalag 1876-ban felhaszn\u00e1lva \u2013 Budapestr\u0151l Edel\u00e9nybe k\u00fcldve"},"content":{"rendered":"","protected":false},"excerpt":{"rendered":"","protected":false},"featured_media":29408,"template":"","meta":[],"product_brand":[],"product_cat":[1172],"product_tag":[1669,259,89,1006],"class_list":{"0":"post-27788","1":"product","2":"type-product","3":"status-publish","4":"has-post-thumbnail","6":"product_cat-magyarorszag","7":"product_tag-3rd-auction","8":"product_tag-cimszalag","9":"product_tag-postatortenet","10":"product_tag-unsold","12":"first","13":"instock","14":"sold-individually","15":"shipping-taxable","16":"purchasable","17":"product-type-simple"},"_links":{"self":[{"href":"https:\/\/stampcurio.com\/hu\/wp-json\/wp\/v2\/product\/27788","targetHints":{"allow":["GET"]}}],"collection":[{"href":"https:\/\/stampcurio.com\/hu\/wp-json\/wp\/v2\/product"}],"about":[{"href":"https:\/\/stampcurio.com\/hu\/wp-json\/wp\/v2\/types\/product"}],"wp:featuredmedia":[{"embeddable":true,"href":"https:\/\/stampcurio.com\/hu\/wp-json\/wp\/v2\/media\/29408"}],"wp:attachment":[{"href":"https:\/\/stampcurio.com\/hu\/wp-json\/wp\/v2\/media?parent=27788"}],"wp:term":[{"taxonomy":"product_brand","embeddable":true,"href":"https:\/\/stampcurio.com\/hu\/wp-json\/wp\/v2\/product_brand?post=27788"},{"taxonomy":"product_cat","embeddable":true,"href":"https:\/\/stampcurio.com\/hu\/wp-json\/wp\/v2\/product_cat?post=27788"},{"taxonomy":"product_tag","embeddable":true,"href":"https:\/\/stampcurio.com\/hu\/wp-json\/wp\/v2\/product_tag?post=27788"}],"curies":[{"name":"wp","href":"https:\/\/api.w.org\/{rel}","templated":true}]}}