{"id":27787,"date":"2025-11-24T16:32:34","date_gmt":"2025-11-24T15:32:34","guid":{"rendered":"https:\/\/stampcurio.com\/product\/1871-magyarorszag-hatarorvideken-provizorikusan-hasznalt-5-kr-dijjegyes-postautalvany-10-kr-kiegeszitessel-costa-inica\/"},"modified":"2025-12-05T04:00:43","modified_gmt":"2025-12-05T03:00:43","slug":"1871-magyarorszag-hatarorvideken-provizorikusan-hasznalt-5-kr-dijjegyes-postautalvany-10-kr-kiegeszitessel-szep-kostainica-belyegzessel","status":"publish","type":"product","link":"https:\/\/stampcurio.com\/hu\/termek\/1871-magyarorszag-hatarorvideken-provizorikusan-hasznalt-5-kr-dijjegyes-postautalvany-10-kr-kiegeszitessel-szep-kostainica-belyegzessel\/","title":{"rendered":"1871 Magyarorsz\u00e1g &#8211; Hat\u00e1r\u0151rvid\u00e9ken proviz\u00f3rikusan haszn\u00e1lt 5 kr d\u00edjjegyes postautalv\u00e1ny 10 kr kieg\u00e9sz\u00edt\u00e9ssel sz\u00e9p KOSTAINICA b\u00e9lyegz\u00e9ssel"},"content":{"rendered":"","protected":false},"excerpt":{"rendered":"<p>A hat\u00e1r\u0151rvid\u00e9k 1871. janu\u00e1r 1-\u00e9n ker\u00fclt magyar postaigazgat\u00e1s fennhat\u00f3s\u00e1ga al\u00e1, az osztr\u00e1k postautalv\u00e1nyok maradv\u00e1nyk\u00e9szlet\u00e9t viszont proviz\u00f3rikusan lehet\u0151s\u00e9g felhaszn\u00e1lni, \u00edgy j\u00f6ttek l\u00e9tre ezek a ritka b\u00e9rmentes\u00edt\u00e9sek.<\/p>\n","protected":false},"featured_media":28521,"template":"","meta":[],"product_brand":[],"product_cat":[1178,1192,1172],"product_tag":[1669,116,1041,176,89,351,256],"class_list":{"0":"post-27787","1":"product","2":"type-product","3":"status-publish","4":"has-post-thumbnail","6":"product_cat-ausztria","7":"product_cat-horvatorszag","8":"product_cat-magyarorszag","9":"product_tag-3rd-auction","10":"product_tag-belyeg","11":"product_tag-marcophily-hu","12":"product_tag-philagem","13":"product_tag-postatortenet","14":"product_tag-postautalvany","15":"product_tag-provizorium","17":"first","18":"outofstock","19":"sold-individually","20":"shipping-taxable","21":"purchasable","22":"product-type-simple"},"_links":{"self":[{"href":"https:\/\/stampcurio.com\/hu\/wp-json\/wp\/v2\/product\/27787","targetHints":{"allow":["GET"]}}],"collection":[{"href":"https:\/\/stampcurio.com\/hu\/wp-json\/wp\/v2\/product"}],"about":[{"href":"https:\/\/stampcurio.com\/hu\/wp-json\/wp\/v2\/types\/product"}],"wp:featuredmedia":[{"embeddable":true,"href":"https:\/\/stampcurio.com\/hu\/wp-json\/wp\/v2\/media\/28521"}],"wp:attachment":[{"href":"https:\/\/stampcurio.com\/hu\/wp-json\/wp\/v2\/media?parent=27787"}],"wp:term":[{"taxonomy":"product_brand","embeddable":true,"href":"https:\/\/stampcurio.com\/hu\/wp-json\/wp\/v2\/product_brand?post=27787"},{"taxonomy":"product_cat","embeddable":true,"href":"https:\/\/stampcurio.com\/hu\/wp-json\/wp\/v2\/product_cat?post=27787"},{"taxonomy":"product_tag","embeddable":true,"href":"https:\/\/stampcurio.com\/hu\/wp-json\/wp\/v2\/product_tag?post=27787"}],"curies":[{"name":"wp","href":"https:\/\/api.w.org\/{rel}","templated":true}]}}