{"id":27785,"date":"2025-11-24T16:32:33","date_gmt":"2025-11-24T15:32:33","guid":{"rendered":"https:\/\/stampcurio.com\/product\/1924-magyarorszag-ikarusz-legiposta-sor-kozepreszenek-probanyomata-vizjeles-papiron\/"},"modified":"2026-01-05T15:02:43","modified_gmt":"2026-01-05T14:02:43","slug":"1924-magyarorszag-ikarusz-5000-korona-legiposta-belyeg-kozepreszenek-probanyomata-enyvezett-vizjeles-papiron","status":"publish","type":"product","link":"https:\/\/stampcurio.com\/hu\/termek\/1924-magyarorszag-ikarusz-5000-korona-legiposta-belyeg-kozepreszenek-probanyomata-enyvezett-vizjeles-papiron\/","title":{"rendered":"1924 Magyarorsz\u00e1g &#8211; Ikarusz 5000 Korona l\u00e9giposta b\u00e9lyeg k\u00f6z\u00e9pr\u00e9sz\u00e9nek pr\u00f3banyomata enyvezett * v\u00edzjeles pap\u00edron"},"content":{"rendered":"","protected":false},"excerpt":{"rendered":"","protected":false},"featured_media":31174,"template":"","meta":[],"product_brand":[],"product_cat":[1172],"product_tag":[1669,116,115,176,390,1006],"class_list":{"0":"post-27785","1":"product","2":"type-product","3":"status-publish","4":"has-post-thumbnail","6":"product_cat-magyarorszag","7":"product_tag-3rd-auction","8":"product_tag-belyeg","9":"product_tag-legiposta","10":"product_tag-philagem","11":"product_tag-probanyomat","12":"product_tag-unsold","14":"first","15":"instock","16":"sold-individually","17":"shipping-taxable","18":"purchasable","19":"product-type-simple"},"_links":{"self":[{"href":"https:\/\/stampcurio.com\/hu\/wp-json\/wp\/v2\/product\/27785","targetHints":{"allow":["GET"]}}],"collection":[{"href":"https:\/\/stampcurio.com\/hu\/wp-json\/wp\/v2\/product"}],"about":[{"href":"https:\/\/stampcurio.com\/hu\/wp-json\/wp\/v2\/types\/product"}],"wp:featuredmedia":[{"embeddable":true,"href":"https:\/\/stampcurio.com\/hu\/wp-json\/wp\/v2\/media\/31174"}],"wp:attachment":[{"href":"https:\/\/stampcurio.com\/hu\/wp-json\/wp\/v2\/media?parent=27785"}],"wp:term":[{"taxonomy":"product_brand","embeddable":true,"href":"https:\/\/stampcurio.com\/hu\/wp-json\/wp\/v2\/product_brand?post=27785"},{"taxonomy":"product_cat","embeddable":true,"href":"https:\/\/stampcurio.com\/hu\/wp-json\/wp\/v2\/product_cat?post=27785"},{"taxonomy":"product_tag","embeddable":true,"href":"https:\/\/stampcurio.com\/hu\/wp-json\/wp\/v2\/product_tag?post=27785"}],"curies":[{"name":"wp","href":"https:\/\/api.w.org\/{rel}","templated":true}]}}