{"id":27783,"date":"2025-11-24T16:32:32","date_gmt":"2025-11-24T15:32:32","guid":{"rendered":"https:\/\/stampcurio.com\/product\/montenegro-bulgaria-10-para-kettos-elcsuszott-extrem-fogazassal-arcon-atfogazassal\/"},"modified":"2026-01-05T15:02:43","modified_gmt":"2026-01-05T14:02:43","slug":"1907-montenegro-postatiszta-10-para-kettos-elcsuszott-extrem-fogazassal","status":"publish","type":"product","link":"https:\/\/stampcurio.com\/hu\/termek\/1907-montenegro-postatiszta-10-para-kettos-elcsuszott-extrem-fogazassal\/","title":{"rendered":"1907 Montenegr\u00f3 &#8211; postatiszta * 10 para kett\u0151s elcs\u00faszott extr\u00e9m fogaz\u00e1ssal"},"content":{"rendered":"","protected":false},"excerpt":{"rendered":"","protected":false},"featured_media":33013,"template":"","meta":[],"product_brand":[],"product_cat":[1733],"product_tag":[1669,116,217,1006],"class_list":{"0":"post-27783","1":"product","2":"type-product","3":"status-publish","4":"has-post-thumbnail","6":"product_cat-montenegro","7":"product_tag-3rd-auction","8":"product_tag-belyeg","9":"product_tag-tevnyomat","10":"product_tag-unsold","12":"first","13":"instock","14":"sold-individually","15":"shipping-taxable","16":"purchasable","17":"product-type-simple"},"_links":{"self":[{"href":"https:\/\/stampcurio.com\/hu\/wp-json\/wp\/v2\/product\/27783","targetHints":{"allow":["GET"]}}],"collection":[{"href":"https:\/\/stampcurio.com\/hu\/wp-json\/wp\/v2\/product"}],"about":[{"href":"https:\/\/stampcurio.com\/hu\/wp-json\/wp\/v2\/types\/product"}],"wp:featuredmedia":[{"embeddable":true,"href":"https:\/\/stampcurio.com\/hu\/wp-json\/wp\/v2\/media\/33013"}],"wp:attachment":[{"href":"https:\/\/stampcurio.com\/hu\/wp-json\/wp\/v2\/media?parent=27783"}],"wp:term":[{"taxonomy":"product_brand","embeddable":true,"href":"https:\/\/stampcurio.com\/hu\/wp-json\/wp\/v2\/product_brand?post=27783"},{"taxonomy":"product_cat","embeddable":true,"href":"https:\/\/stampcurio.com\/hu\/wp-json\/wp\/v2\/product_cat?post=27783"},{"taxonomy":"product_tag","embeddable":true,"href":"https:\/\/stampcurio.com\/hu\/wp-json\/wp\/v2\/product_tag?post=27783"}],"curies":[{"name":"wp","href":"https:\/\/api.w.org\/{rel}","templated":true}]}}