{"id":27781,"date":"2025-11-24T16:32:31","date_gmt":"2025-11-24T15:32:31","guid":{"rendered":"https:\/\/stampcurio.com\/product\/1939-nemetorszag-lautenburg-lengyel-internalo-taborbol-kisegito-gumibelyegzovel-magyarorszagra-kuldve-a-tapioszelei-lengyel-taborba\/"},"modified":"2025-12-05T04:00:45","modified_gmt":"2025-12-05T03:00:45","slug":"1939-nemetorszag-lautenburg-lengyel-internalo-taborbol-magyarorszagra-a-tapioszelei-lengyel-internalo-taborba-kuldott-boritek-lautenburg-kisegito-belyegzovel-es-kezi-datum-kiegeszitessel","status":"publish","type":"product","link":"https:\/\/stampcurio.com\/hu\/termek\/1939-nemetorszag-lautenburg-lengyel-internalo-taborbol-magyarorszagra-a-tapioszelei-lengyel-internalo-taborba-kuldott-boritek-lautenburg-kisegito-belyegzovel-es-kezi-datum-kiegeszitessel\/","title":{"rendered":"1939 N\u00e9metorsz\u00e1g &#8211; Lautenburg lengyel intern\u00e1l\u00f3 t\u00e1borb\u00f3l Magyarorsz\u00e1gra a t\u00e1pi\u00f3szelei lengyel intern\u00e1l\u00f3 t\u00e1borba k\u00fcld\u00f6tt bor\u00edt\u00e9k. Lautenburg kiseg\u00edt\u0151 b\u00e9lyegz\u0151vel \u00e9s k\u00e9zi d\u00e1tum kieg\u00e9sz\u00edt\u00e9ssel."},"content":{"rendered":"","protected":false},"excerpt":{"rendered":"","protected":false},"featured_media":30636,"template":"","meta":[],"product_brand":[],"product_cat":[1190,1172,1175],"product_tag":[1669,1041,89,256],"class_list":{"0":"post-27781","1":"product","2":"type-product","3":"status-publish","4":"has-post-thumbnail","6":"product_cat-lengyelorszag","7":"product_cat-magyarorszag","8":"product_cat-nemetorszag","9":"product_tag-3rd-auction","10":"product_tag-marcophily-hu","11":"product_tag-postatortenet","12":"product_tag-provizorium","14":"first","15":"outofstock","16":"sold-individually","17":"shipping-taxable","18":"purchasable","19":"product-type-simple"},"_links":{"self":[{"href":"https:\/\/stampcurio.com\/hu\/wp-json\/wp\/v2\/product\/27781","targetHints":{"allow":["GET"]}}],"collection":[{"href":"https:\/\/stampcurio.com\/hu\/wp-json\/wp\/v2\/product"}],"about":[{"href":"https:\/\/stampcurio.com\/hu\/wp-json\/wp\/v2\/types\/product"}],"wp:featuredmedia":[{"embeddable":true,"href":"https:\/\/stampcurio.com\/hu\/wp-json\/wp\/v2\/media\/30636"}],"wp:attachment":[{"href":"https:\/\/stampcurio.com\/hu\/wp-json\/wp\/v2\/media?parent=27781"}],"wp:term":[{"taxonomy":"product_brand","embeddable":true,"href":"https:\/\/stampcurio.com\/hu\/wp-json\/wp\/v2\/product_brand?post=27781"},{"taxonomy":"product_cat","embeddable":true,"href":"https:\/\/stampcurio.com\/hu\/wp-json\/wp\/v2\/product_cat?post=27781"},{"taxonomy":"product_tag","embeddable":true,"href":"https:\/\/stampcurio.com\/hu\/wp-json\/wp\/v2\/product_tag?post=27781"}],"curies":[{"name":"wp","href":"https:\/\/api.w.org\/{rel}","templated":true}]}}