{"id":27780,"date":"2025-11-24T16:32:31","date_gmt":"2025-11-24T15:32:31","guid":{"rendered":"https:\/\/stampcurio.com\/product\/1981-vietnam-illusztralt-legiposta-boritek-magyarorszagra-kuldve\/"},"modified":"2026-01-05T15:02:43","modified_gmt":"2026-01-05T14:02:43","slug":"1981-vietnam-illusztralt-legiposta-boritek-magyarorszagra-kuldve","status":"publish","type":"product","link":"https:\/\/stampcurio.com\/hu\/termek\/1981-vietnam-illusztralt-legiposta-boritek-magyarorszagra-kuldve\/","title":{"rendered":"1981 Vietn\u00e1m &#8211; Illusztr\u00e1lt l\u00e9giposta bor\u00edt\u00e9k Magyarorsz\u00e1gra k\u00fcldve"},"content":{"rendered":"","protected":false},"excerpt":{"rendered":"","protected":false},"featured_media":30722,"template":"","meta":[],"product_brand":[],"product_cat":[1172,1212],"product_tag":[1669,115,89,1006],"class_list":{"0":"post-27780","1":"product","2":"type-product","3":"status-publish","4":"has-post-thumbnail","6":"product_cat-magyarorszag","7":"product_cat-vietnam","8":"product_tag-3rd-auction","9":"product_tag-legiposta","10":"product_tag-postatortenet","11":"product_tag-unsold","13":"first","14":"instock","15":"sold-individually","16":"shipping-taxable","17":"purchasable","18":"product-type-simple"},"_links":{"self":[{"href":"https:\/\/stampcurio.com\/hu\/wp-json\/wp\/v2\/product\/27780","targetHints":{"allow":["GET"]}}],"collection":[{"href":"https:\/\/stampcurio.com\/hu\/wp-json\/wp\/v2\/product"}],"about":[{"href":"https:\/\/stampcurio.com\/hu\/wp-json\/wp\/v2\/types\/product"}],"wp:featuredmedia":[{"embeddable":true,"href":"https:\/\/stampcurio.com\/hu\/wp-json\/wp\/v2\/media\/30722"}],"wp:attachment":[{"href":"https:\/\/stampcurio.com\/hu\/wp-json\/wp\/v2\/media?parent=27780"}],"wp:term":[{"taxonomy":"product_brand","embeddable":true,"href":"https:\/\/stampcurio.com\/hu\/wp-json\/wp\/v2\/product_brand?post=27780"},{"taxonomy":"product_cat","embeddable":true,"href":"https:\/\/stampcurio.com\/hu\/wp-json\/wp\/v2\/product_cat?post=27780"},{"taxonomy":"product_tag","embeddable":true,"href":"https:\/\/stampcurio.com\/hu\/wp-json\/wp\/v2\/product_tag?post=27780"}],"curies":[{"name":"wp","href":"https:\/\/api.w.org\/{rel}","templated":true}]}}