{"id":2778,"date":"2023-11-14T11:18:57","date_gmt":"2023-11-14T10:18:57","guid":{"rendered":"http:\/\/stampcurio.com\/?post_type=product&#038;p=2778"},"modified":"2025-12-05T04:13:24","modified_gmt":"2025-12-05T03:13:24","slug":"1935-latkepes-dijjegyes-lap-d-13-balaton-veszprembol-a-del-afrikai-unioba-kuldve-ritka-destinacio","status":"publish","type":"product","link":"https:\/\/stampcurio.com\/hu\/termek\/1935-latkepes-dijjegyes-lap-d-13-balaton-veszprembol-a-del-afrikai-unioba-kuldve-ritka-destinacio\/","title":{"rendered":"1935 l\u00e1tk\u00e9pes d\u00edjjegyes lap (D-13 \/ Balaton) Veszpr\u00e9mb\u0151l a d\u00e9l-afrikai \u00fani\u00f3ba k\u00fcldve &#8211; ritka destin\u00e1ci\u00f3"},"content":{"rendered":"","protected":false},"excerpt":{"rendered":"","protected":false},"featured_media":11188,"template":"","meta":[],"product_brand":[],"product_cat":[142,180,73],"product_tag":[1044,74,89],"class_list":{"0":"post-2778","1":"product","2":"type-product","3":"status-publish","4":"has-post-thumbnail","6":"product_cat-del-afrikai-koztarsasag-1st","7":"product_cat-egyesult-kiralysag-1st","8":"product_cat-magyarorszag-1st","9":"product_tag-1st-auction-hu","10":"product_tag-dijjegyes","11":"product_tag-postatortenet","12":"pa_catalog_id-290","14":"first","15":"instock","16":"sold-individually","17":"shipping-taxable","18":"product-type-simple"},"_links":{"self":[{"href":"https:\/\/stampcurio.com\/hu\/wp-json\/wp\/v2\/product\/2778","targetHints":{"allow":["GET"]}}],"collection":[{"href":"https:\/\/stampcurio.com\/hu\/wp-json\/wp\/v2\/product"}],"about":[{"href":"https:\/\/stampcurio.com\/hu\/wp-json\/wp\/v2\/types\/product"}],"wp:featuredmedia":[{"embeddable":true,"href":"https:\/\/stampcurio.com\/hu\/wp-json\/wp\/v2\/media\/11188"}],"wp:attachment":[{"href":"https:\/\/stampcurio.com\/hu\/wp-json\/wp\/v2\/media?parent=2778"}],"wp:term":[{"taxonomy":"product_brand","embeddable":true,"href":"https:\/\/stampcurio.com\/hu\/wp-json\/wp\/v2\/product_brand?post=2778"},{"taxonomy":"product_cat","embeddable":true,"href":"https:\/\/stampcurio.com\/hu\/wp-json\/wp\/v2\/product_cat?post=2778"},{"taxonomy":"product_tag","embeddable":true,"href":"https:\/\/stampcurio.com\/hu\/wp-json\/wp\/v2\/product_tag?post=2778"}],"curies":[{"name":"wp","href":"https:\/\/api.w.org\/{rel}","templated":true}]}}