{"id":27779,"date":"2025-11-24T16:32:30","date_gmt":"2025-11-24T15:32:30","guid":{"rendered":"https:\/\/stampcurio.com\/product\/1928-irorszag-ajanlott-dijjegyes-boritek-dijkiegeszitessel-svajcba-kuldve-dekorativ-arany-viaszpecsettel-lezarva\/"},"modified":"2026-01-05T15:02:44","modified_gmt":"2026-01-05T14:02:44","slug":"1928-irorszag-ajanlott-dijjegyes-boritek-dijkiegeszitessel-svajcba-kuldve-dekorativ-arany-viaszpecsettel-lezarva","status":"publish","type":"product","link":"https:\/\/stampcurio.com\/hu\/termek\/1928-irorszag-ajanlott-dijjegyes-boritek-dijkiegeszitessel-svajcba-kuldve-dekorativ-arany-viaszpecsettel-lezarva\/","title":{"rendered":"1928 \u00cdrorsz\u00e1g &#8211; Aj\u00e1nlott d\u00edjjegyes bor\u00edt\u00e9k d\u00edjkieg\u00e9sz\u00edt\u00e9ssel Sv\u00e1jcba k\u00fcldve, dekorat\u00edv arany viaszpecs\u00e9ttel lez\u00e1rva"},"content":{"rendered":"","protected":false},"excerpt":{"rendered":"","protected":false},"featured_media":30732,"template":"","meta":[],"product_brand":[],"product_cat":[1278],"product_tag":[1669,74,89,1006],"class_list":{"0":"post-27779","1":"product","2":"type-product","3":"status-publish","4":"has-post-thumbnail","6":"product_cat-irorszag","7":"product_tag-3rd-auction","8":"product_tag-dijjegyes","9":"product_tag-postatortenet","10":"product_tag-unsold","12":"first","13":"instock","14":"sold-individually","15":"shipping-taxable","16":"purchasable","17":"product-type-simple"},"_links":{"self":[{"href":"https:\/\/stampcurio.com\/hu\/wp-json\/wp\/v2\/product\/27779","targetHints":{"allow":["GET"]}}],"collection":[{"href":"https:\/\/stampcurio.com\/hu\/wp-json\/wp\/v2\/product"}],"about":[{"href":"https:\/\/stampcurio.com\/hu\/wp-json\/wp\/v2\/types\/product"}],"wp:featuredmedia":[{"embeddable":true,"href":"https:\/\/stampcurio.com\/hu\/wp-json\/wp\/v2\/media\/30732"}],"wp:attachment":[{"href":"https:\/\/stampcurio.com\/hu\/wp-json\/wp\/v2\/media?parent=27779"}],"wp:term":[{"taxonomy":"product_brand","embeddable":true,"href":"https:\/\/stampcurio.com\/hu\/wp-json\/wp\/v2\/product_brand?post=27779"},{"taxonomy":"product_cat","embeddable":true,"href":"https:\/\/stampcurio.com\/hu\/wp-json\/wp\/v2\/product_cat?post=27779"},{"taxonomy":"product_tag","embeddable":true,"href":"https:\/\/stampcurio.com\/hu\/wp-json\/wp\/v2\/product_tag?post=27779"}],"curies":[{"name":"wp","href":"https:\/\/api.w.org\/{rel}","templated":true}]}}