{"id":27778,"date":"2025-11-24T16:32:30","date_gmt":"2025-11-24T15:32:30","guid":{"rendered":"https:\/\/stampcurio.com\/product\/1938-nemetorszag-iii-sulyu-legiposta-level-nemetorszagbol-buenos-airesbe-kuldve\/"},"modified":"2025-12-05T04:00:46","modified_gmt":"2025-12-05T03:00:46","slug":"1938-nemetorszag-iii-sulyu-legiposta-level-nemetorszagbol-argentinaba-kuldve","status":"publish","type":"product","link":"https:\/\/stampcurio.com\/hu\/termek\/1938-nemetorszag-iii-sulyu-legiposta-level-nemetorszagbol-argentinaba-kuldve\/","title":{"rendered":"1938 N\u00e9metorsz\u00e1g &#8211; III. s\u00faly\u00fa l\u00e9giposta lev\u00e9l N\u00e9metorsz\u00e1gb\u00f3l Argent\u00edn\u00e1ba k\u00fcldve"},"content":{"rendered":"","protected":false},"excerpt":{"rendered":"","protected":false},"featured_media":34589,"template":"","meta":[],"product_brand":[],"product_cat":[1229,1175],"product_tag":[1669,116,115,89],"class_list":{"0":"post-27778","1":"product","2":"type-product","3":"status-publish","4":"has-post-thumbnail","6":"product_cat-argentina","7":"product_cat-nemetorszag","8":"product_tag-3rd-auction","9":"product_tag-belyeg","10":"product_tag-legiposta","11":"product_tag-postatortenet","13":"first","14":"outofstock","15":"sold-individually","16":"shipping-taxable","17":"purchasable","18":"product-type-simple"},"_links":{"self":[{"href":"https:\/\/stampcurio.com\/hu\/wp-json\/wp\/v2\/product\/27778","targetHints":{"allow":["GET"]}}],"collection":[{"href":"https:\/\/stampcurio.com\/hu\/wp-json\/wp\/v2\/product"}],"about":[{"href":"https:\/\/stampcurio.com\/hu\/wp-json\/wp\/v2\/types\/product"}],"wp:featuredmedia":[{"embeddable":true,"href":"https:\/\/stampcurio.com\/hu\/wp-json\/wp\/v2\/media\/34589"}],"wp:attachment":[{"href":"https:\/\/stampcurio.com\/hu\/wp-json\/wp\/v2\/media?parent=27778"}],"wp:term":[{"taxonomy":"product_brand","embeddable":true,"href":"https:\/\/stampcurio.com\/hu\/wp-json\/wp\/v2\/product_brand?post=27778"},{"taxonomy":"product_cat","embeddable":true,"href":"https:\/\/stampcurio.com\/hu\/wp-json\/wp\/v2\/product_cat?post=27778"},{"taxonomy":"product_tag","embeddable":true,"href":"https:\/\/stampcurio.com\/hu\/wp-json\/wp\/v2\/product_tag?post=27778"}],"curies":[{"name":"wp","href":"https:\/\/api.w.org\/{rel}","templated":true}]}}