{"id":27777,"date":"2025-11-24T16:32:30","date_gmt":"2025-11-24T15:32:30","guid":{"rendered":"https:\/\/stampcurio.com\/product\/1943-spanyolorszag-magyar-tabori-posta-cimre-kuldott-levelezolap-kettos-cenzuraval-censura-millitar-las-palmas-kanari-szigetek-es-magyar-pekir-belyegzesekkel\/"},"modified":"2026-01-05T15:02:44","modified_gmt":"2026-01-05T14:02:44","slug":"1943-spanyolorszag-kanari-szigetek-magyar-tabori-posta-cimre-kuldott-dijjegyes-levelezolap-kettos-cenzuraval-censura-millitar-las-palmas-kanari-szigetek-es-magyar-pekir-belyeg","status":"publish","type":"product","link":"https:\/\/stampcurio.com\/hu\/termek\/1943-spanyolorszag-kanari-szigetek-magyar-tabori-posta-cimre-kuldott-dijjegyes-levelezolap-kettos-cenzuraval-censura-millitar-las-palmas-kanari-szigetek-es-magyar-pekir-belyeg\/","title":{"rendered":"1943 Spanyolorsz\u00e1g &#8211; Kan\u00e1ri-szigetek &#8211; Magyar t\u00e1bori posta c\u00edmre k\u00fcld\u00f6tt d\u00edjjegyes levelez\u0151lap kett\u0151s cenz\u00far\u00e1val: \u201eCensura Millitar Las Palmas\u201d (Kan\u00e1ri-szigetek) \u00e9s magyar PEK\u00cdR b\u00e9lyegz\u00e9sekkel"},"content":{"rendered":"","protected":false},"excerpt":{"rendered":"","protected":false},"featured_media":31164,"template":"","meta":[],"product_brand":[],"product_cat":[1172,1196],"product_tag":[1669,116,233,74,89,208,1006],"class_list":{"0":"post-27777","1":"product","2":"type-product","3":"status-publish","4":"has-post-thumbnail","6":"product_cat-magyarorszag","7":"product_cat-spanyolorszag","8":"product_tag-3rd-auction","9":"product_tag-belyeg","10":"product_tag-cenzura","11":"product_tag-dijjegyes","12":"product_tag-postatortenet","13":"product_tag-tabori-posta","14":"product_tag-unsold","16":"first","17":"instock","18":"sold-individually","19":"shipping-taxable","20":"purchasable","21":"product-type-simple"},"_links":{"self":[{"href":"https:\/\/stampcurio.com\/hu\/wp-json\/wp\/v2\/product\/27777","targetHints":{"allow":["GET"]}}],"collection":[{"href":"https:\/\/stampcurio.com\/hu\/wp-json\/wp\/v2\/product"}],"about":[{"href":"https:\/\/stampcurio.com\/hu\/wp-json\/wp\/v2\/types\/product"}],"wp:featuredmedia":[{"embeddable":true,"href":"https:\/\/stampcurio.com\/hu\/wp-json\/wp\/v2\/media\/31164"}],"wp:attachment":[{"href":"https:\/\/stampcurio.com\/hu\/wp-json\/wp\/v2\/media?parent=27777"}],"wp:term":[{"taxonomy":"product_brand","embeddable":true,"href":"https:\/\/stampcurio.com\/hu\/wp-json\/wp\/v2\/product_brand?post=27777"},{"taxonomy":"product_cat","embeddable":true,"href":"https:\/\/stampcurio.com\/hu\/wp-json\/wp\/v2\/product_cat?post=27777"},{"taxonomy":"product_tag","embeddable":true,"href":"https:\/\/stampcurio.com\/hu\/wp-json\/wp\/v2\/product_tag?post=27777"}],"curies":[{"name":"wp","href":"https:\/\/api.w.org\/{rel}","templated":true}]}}