{"id":27776,"date":"2025-11-24T16:32:29","date_gmt":"2025-11-24T15:32:29","guid":{"rendered":"https:\/\/stampcurio.com\/product\/1914-magyarorszag-szallitolevel-galatz-bukarest-comission-europene-danube-gumibelyegzovel\/"},"modified":"2026-01-07T14:06:23","modified_gmt":"2026-01-07T13:06:23","slug":"1914-romania-szallitolevel-galatz-bukarest-commission-europeenne-du-danube-gumibelyegzovel","status":"publish","type":"product","link":"https:\/\/stampcurio.com\/hu\/termek\/1914-romania-szallitolevel-galatz-bukarest-commission-europeenne-du-danube-gumibelyegzovel\/","title":{"rendered":"1914 Rom\u00e1nia &#8211; Sz\u00e1ll\u00edt\u00f3lev\u00e9l Galatz \u2013 Bukarest &#8220;Commission Europ\u00e9enne Du Danube&#8221; gumib\u00e9lyegz\u0151vel"},"content":{"rendered":"","protected":false},"excerpt":{"rendered":"","protected":false},"featured_media":31198,"template":"","meta":[],"product_brand":[],"product_cat":[1208],"product_tag":[1669,1041,157],"class_list":{"0":"post-27776","1":"product","2":"type-product","3":"status-publish","4":"has-post-thumbnail","6":"product_cat-romania","7":"product_tag-3rd-auction","8":"product_tag-marcophily-hu","9":"product_tag-szallitolevel","11":"first","12":"outofstock","13":"sold-individually","14":"shipping-taxable","15":"purchasable","16":"product-type-simple"},"_links":{"self":[{"href":"https:\/\/stampcurio.com\/hu\/wp-json\/wp\/v2\/product\/27776","targetHints":{"allow":["GET"]}}],"collection":[{"href":"https:\/\/stampcurio.com\/hu\/wp-json\/wp\/v2\/product"}],"about":[{"href":"https:\/\/stampcurio.com\/hu\/wp-json\/wp\/v2\/types\/product"}],"wp:featuredmedia":[{"embeddable":true,"href":"https:\/\/stampcurio.com\/hu\/wp-json\/wp\/v2\/media\/31198"}],"wp:attachment":[{"href":"https:\/\/stampcurio.com\/hu\/wp-json\/wp\/v2\/media?parent=27776"}],"wp:term":[{"taxonomy":"product_brand","embeddable":true,"href":"https:\/\/stampcurio.com\/hu\/wp-json\/wp\/v2\/product_brand?post=27776"},{"taxonomy":"product_cat","embeddable":true,"href":"https:\/\/stampcurio.com\/hu\/wp-json\/wp\/v2\/product_cat?post=27776"},{"taxonomy":"product_tag","embeddable":true,"href":"https:\/\/stampcurio.com\/hu\/wp-json\/wp\/v2\/product_tag?post=27776"}],"curies":[{"name":"wp","href":"https:\/\/api.w.org\/{rel}","templated":true}]}}